{"id":1743,"date":"2017-12-20T20:02:21","date_gmt":"2017-12-20T20:02:21","guid":{"rendered":"https:\/\/elbosquero.com\/aviso-legal\/"},"modified":"2023-07-27T12:59:06","modified_gmt":"2023-07-27T10:59:06","slug":"avis-legal","status":"publish","type":"page","link":"https:\/\/elbosquero.com\/ca\/avis-legal\/","title":{"rendered":"Av\u00eds Legal"},"content":{"rendered":"<p>EL BOSQUERO CB, en la seva condici\u00f3 de titular i responsable del lloc web, en compliment del que estableix l&#8217;article 10 de la Llei 34\/2002, d&#8217;11 de juliol, de Serveis de la Societat de la Informaci\u00f3 i de Comer\u00e7 Electr\u00f2nic, posa a disposici\u00f3 dels usuaris la seg\u00fcent informaci\u00f3 de car\u00e0cter general:<\/p>\n<p>EL BOSQUERO CB est\u00e0 domiciliada al Carrer Uruguai n\u00ba7 d&#8217;Olot (Girona). Inscrita al Registre Mercantil de Girona. Identificada amb el n\u00famero E55206221.<\/p>\n<p>Per a qualsevol consulta o reclamaci\u00f3 relativa a aquestes p\u00e0gines oa la informaci\u00f3 o productes i serveis, els usuaris poden adre\u00e7ar-se a ladre\u00e7a anteriorment esmentada.<\/p>\n","protected":false},"excerpt":{"rendered":"<p>EL BOSQUERO CB, en la seva condici\u00f3 de titular i [&hellip;]<\/p>\n","protected":false},"author":1,"featured_media":0,"parent":0,"menu_order":0,"comment_status":"closed","ping_status":"closed","template":"","meta":[],"_links":{"self":[{"href":"https:\/\/elbosquero.com\/ca\/wp-json\/wp\/v2\/pages\/1743"}],"collection":[{"href":"https:\/\/elbosquero.com\/ca\/wp-json\/wp\/v2\/pages"}],"about":[{"href":"https:\/\/elbosquero.com\/ca\/wp-json\/wp\/v2\/types\/page"}],"author":[{"embeddable":true,"href":"https:\/\/elbosquero.com\/ca\/wp-json\/wp\/v2\/users\/1"}],"replies":[{"embeddable":true,"href":"https:\/\/elbosquero.com\/ca\/wp-json\/wp\/v2\/comments?post=1743"}],"version-history":[{"count":2,"href":"https:\/\/elbosquero.com\/ca\/wp-json\/wp\/v2\/pages\/1743\/revisions"}],"predecessor-version":[{"id":4414,"href":"https:\/\/elbosquero.com\/ca\/wp-json\/wp\/v2\/pages\/1743\/revisions\/4414"}],"wp:attachment":[{"href":"https:\/\/elbosquero.com\/ca\/wp-json\/wp\/v2\/media?parent=1743"}],"curies":[{"name":"wp","href":"https:\/\/api.w.org\/{rel}","templated":true}]}}