{"id":1831,"date":"2017-12-21T10:09:04","date_gmt":"2017-12-21T10:09:04","guid":{"rendered":"https:\/\/elbosquero.com\/donde-comer\/"},"modified":"2023-07-27T22:30:24","modified_gmt":"2023-07-27T20:30:24","slug":"on-menjar","status":"publish","type":"page","link":"https:\/\/elbosquero.com\/ca\/on-menjar\/","title":{"rendered":"On menjar?"},"content":{"rendered":"<p><div class=\"fusion-fullwidth fullwidth-box fusion-builder-row-1 fusion-flex-container nonhundred-percent-fullwidth non-hundred-percent-height-scrolling\" style=\"background-color: rgba(255,255,255,0);background-position: center center;background-repeat: no-repeat;border-width: 0px 0px 0px 0px;border-color:#e2e2e2;border-style:solid;\" ><div class=\"fusion-builder-row fusion-row fusion-flex-align-items-flex-start\" style=\"max-width:1248px;margin-left: calc(-4% \/ 2 );margin-right: calc(-4% \/ 2 );\"><div class=\"fusion-layout-column fusion_builder_column fusion-builder-column-0 fusion_builder_column_1_3 1_3 fusion-flex-column fusion-animated\" data-animationType=\"fadeInLeft\" data-animationDuration=\"2.0\" data-animationOffset=\"top-into-view\"><div class=\"fusion-column-wrapper fusion-flex-justify-content-flex-start fusion-content-layout-column\" style=\"background-position:left top;background-repeat:no-repeat;-webkit-background-size:cover;-moz-background-size:cover;-o-background-size:cover;background-size:cover;padding: 0px 0px 0px 0px;\"><div ><span class=\" fusion-imageframe imageframe-none imageframe-1 hover-type-none\"><img decoding=\"async\" width=\"1500\" height=\"998\" title=\"Alta-gastronomia\" src=\"https:\/\/elbosquero.com\/wp-content\/uploads\/2017\/12\/Alta-gastronomia.jpg\" alt class=\"img-responsive wp-image-2635\"\/><\/span><\/div><\/div><style type=\"text\/css\">.fusion-body .fusion-builder-column-0{width:33.333333333333% !important;margin-top : 0px;margin-bottom : 20px;}.fusion-builder-column-0 > .fusion-column-wrapper {padding-top : 0px !important;padding-right : 0px !important;margin-right : 5.76%;padding-bottom : 0px !important;padding-left : 0px !important;margin-left : 5.76%;}@media only screen and (max-width:1024px) {.fusion-body .fusion-builder-column-0{width:33.333333333333% !important;order : 0;}.fusion-builder-column-0 > .fusion-column-wrapper {margin-right : 5.76%;margin-left : 5.76%;}}@media only screen and (max-width:640px) {.fusion-body .fusion-builder-column-0{width:100% !important;order : 0;}.fusion-builder-column-0 > .fusion-column-wrapper {margin-right : 1.92%;margin-left : 1.92%;}}<\/style><\/div><div class=\"fusion-layout-column fusion_builder_column fusion-builder-column-1 fusion_builder_column_2_3 2_3 fusion-flex-column fusion-flex-align-self-center fusion-animated\" data-animationType=\"fadeInRight\" data-animationDuration=\"2.0\" data-animationOffset=\"top-into-view\"><div class=\"fusion-column-wrapper fusion-flex-justify-content-flex-start fusion-content-layout-column\" style=\"background-position:left top;background-repeat:no-repeat;-webkit-background-size:cover;-moz-background-size:cover;-o-background-size:cover;background-size:cover;padding: 0px 0px 0px 0px;\"><style type=\"text\/css\">@media only screen and (max-width:1024px) {.fusion-title.fusion-title-1{margin-top:10px!important; margin-right:0px!important;margin-bottom:15px!important;margin-left:0px!important;}}@media only screen and (max-width:640px) {.fusion-title.fusion-title-1{margin-top:10px!important; margin-right:0px!important;margin-bottom:10px!important; margin-left:0px!important;}}<\/style><div class=\"fusion-title title fusion-title-1 fusion-sep-none fusion-title-text fusion-title-size-three\" style=\"margin-top:10px;margin-right:0px;margin-bottom:15px;margin-left:0px;\"><h3 class=\"title-heading-left\" style=\"margin:0;\"><p class=\"tour-content-title tour-title-2\">ALTA GASTRONOMIA<\/p>\n<div class=\"tour-content-2\"><\/div><\/h3><\/div><div class=\"fusion-text fusion-text-1\"><p>La <strong>guia Michelin<\/strong> \u00e9s famosa per assignar d\u2019una a tres \u201cestrelles de la bona taula\u201d als establiments gastron\u00f2mics que, en refer\u00e8ncia a diferents par\u00e0metres fixats pels seus propis jutges, destaquen en qualitat, creativitat i cura dels seus plats.<\/p>\n<p>A continuaci\u00f3 us indiquem els restaurants que tenen estrelles Michelin m\u00e9s a prop de El Bosquer\u00f3 \/ El Mirador (*** 3 estrelles \/ ** 2 estrelles \/ * 1 estrella):<\/p>\n<\/div><ul class=\"fusion-checklist fusion-checklist-1\" style=\"font-size:16px;line-height:27.2px;\"><li style=\"background-color:rgba(255,255,255,0);\" class=\"fusion-li-item\"><span style=\"height:27.2px;width:27.2px;margin-right:11.2px;\" class=\"icon-wrapper circle-no\"><i class=\"fusion-li-icon fa-utensils fas\" style=\"color:#94c43c;\" aria-hidden=\"true\"><\/i><\/span><div class=\"fusion-li-item-content\" style=\"margin-left:38.4px;color:#4a4e57;\">\n<p>El <strong>Celler de Can Roca<\/strong> *** a 34km. C \/ de Can Sunyer 48, Girona. Tel. 972.222.157<\/p>\n<\/div><\/li><li style=\"background-color:rgba(255,255,255,0);\" class=\"fusion-li-item\"><span style=\"height:27.2px;width:27.2px;margin-right:11.2px;\" class=\"icon-wrapper circle-no\"><i class=\"fusion-li-icon fa-utensils fas\" style=\"color:#94c43c;\" aria-hidden=\"true\"><\/i><\/span><div class=\"fusion-li-item-content\" style=\"margin-left:38.4px;color:#4a4e57;\">\n<p><strong>Les Cols<\/strong> ** a 22km. Ctra. De la Canya s \/ n, Olot. Tel. 972.269.209<\/p>\n<\/div><\/li><li style=\"background-color:rgba(255,255,255,0);\" class=\"fusion-li-item\"><span style=\"height:27.2px;width:27.2px;margin-right:11.2px;\" class=\"icon-wrapper circle-no\"><i class=\"fusion-li-icon fa-utensils fas\" style=\"color:#94c43c;\" aria-hidden=\"true\"><\/i><\/span><div class=\"fusion-li-item-content\" style=\"margin-left:38.4px;color:#4a4e57;\">\n<p><strong>Ca l\u2019Enric<\/strong> * a 30 km. Ctra. De Camprodon N-260 km. 91. Tel. 972.290.015<\/p>\n<\/div><\/li><li style=\"background-color:rgba(255,255,255,0);\" class=\"fusion-li-item\"><span style=\"height:27.2px;width:27.2px;margin-right:11.2px;\" class=\"icon-wrapper circle-no\"><i class=\"fusion-li-icon fa-utensils fas\" style=\"color:#94c43c;\" aria-hidden=\"true\"><\/i><\/span><div class=\"fusion-li-item-content\" style=\"margin-left:38.4px;color:#4a4e57;\">\n<p><strong>Massana<\/strong> * a 30 km. C \/ Bonastruc de porta 10, Girona. Tel. 972.213.820<\/p>\n<\/div><\/li><li style=\"background-color:rgba(255,255,255,0);\" class=\"fusion-li-item\"><span style=\"height:27.2px;width:27.2px;margin-right:11.2px;\" class=\"icon-wrapper circle-no\"><i class=\"fusion-li-icon fa-utensils fas\" style=\"color:#94c43c;\" aria-hidden=\"true\"><\/i><\/span><div class=\"fusion-li-item-content\" style=\"margin-left:38.4px;color:#4a4e57;\">\n<p><strong>Ca l\u2019Arpa<\/strong> * a 50km. Passeig de la Ind\u00fastria 5, Banyoles. Tel. 972.572.353<\/p>\n<\/div><\/li><\/ul><\/div><style type=\"text\/css\">.fusion-body .fusion-builder-column-1{width:66.666666666667% !important;margin-top : 0px;margin-bottom : 20px;}.fusion-builder-column-1 > .fusion-column-wrapper {padding-top : 0px !important;padding-right : 0px !important;margin-right : 2.88%;padding-bottom : 0px !important;padding-left : 0px !important;margin-left : 2.88%;}@media only screen and (max-width:1024px) {.fusion-body .fusion-builder-column-1{width:66.666666666667% !important;order : 0;}.fusion-builder-column-1 > .fusion-column-wrapper {margin-right : 2.88%;margin-left : 2.88%;}}@media only screen and (max-width:640px) {.fusion-body .fusion-builder-column-1{width:100% !important;order : 0;}.fusion-builder-column-1 > .fusion-column-wrapper {margin-right : 1.92%;margin-left : 1.92%;}}<\/style><\/div><\/div><style type=\"text\/css\">.fusion-body .fusion-flex-container.fusion-builder-row-1{ padding-top : 0px;margin-top : 50px;padding-right : 0px;padding-bottom : 0px;margin-bottom : 0px;padding-left : 0px;}<\/style><\/div><div class=\"fusion-fullwidth fullwidth-box fusion-builder-row-2 fusion-flex-container nonhundred-percent-fullwidth non-hundred-percent-height-scrolling\" style=\"background-color: #dedede;background-position: center center;background-repeat: no-repeat;border-width: 0px 0px 0px 0px;border-color:#e2e2e2;border-style:solid;\" ><div class=\"fusion-builder-row fusion-row fusion-flex-align-items-flex-start\" style=\"max-width:1248px;margin-left: calc(-4% \/ 2 );margin-right: calc(-4% \/ 2 );\"><div class=\"fusion-layout-column fusion_builder_column fusion-builder-column-2 fusion_builder_column_2_3 2_3 fusion-flex-column fusion-flex-align-self-center fusion-animated\" data-animationType=\"fadeInLeft\" data-animationDuration=\"2.0\" data-animationOffset=\"top-into-view\"><div class=\"fusion-column-wrapper fusion-flex-justify-content-flex-start fusion-content-layout-column\" style=\"background-position:left top;background-repeat:no-repeat;-webkit-background-size:cover;-moz-background-size:cover;-o-background-size:cover;background-size:cover;padding: 0px 0px 0px 0px;\"><style type=\"text\/css\">@media only screen and (max-width:1024px) {.fusion-title.fusion-title-2{margin-top:10px!important; margin-right:0px!important;margin-bottom:15px!important;margin-left:0px!important;}}@media only screen and (max-width:640px) {.fusion-title.fusion-title-2{margin-top:10px!important; margin-right:0px!important;margin-bottom:10px!important; margin-left:0px!important;}}<\/style><div class=\"fusion-title title fusion-title-2 fusion-sep-none fusion-title-center fusion-title-text fusion-title-size-three\" style=\"margin-top:10px;margin-right:0px;margin-bottom:15px;margin-left:0px;\"><h3 class=\"title-heading-center\" style=\"margin:0;\"><p class=\"tour-content-title tour-title-0\">CUINA VOLC\u00c0NICA I DE PROXIMITAT<\/p>\n<div class=\"tour-content-0\"><\/div><\/h3><\/div><div class=\"fusion-text fusion-text-2\"><ul>\n<li><strong>Fonda Arnau<\/strong> \u2013 Cuina tradicional \u2013 Sec. Salvador Sim\u00f3n, 2 \u2013 Les Planes d\u2019Hostoles \u2013 a 1 km. Cuina tradicional, tracte familiar i molt agradable, bona quantitat i qualitat a bon preu, men\u00fas dies laborables i caps de setmana. Tel. 972.44.80.12<\/li>\n<li><strong>Ca La Matilde<\/strong> \u2013 Cuina tradicional \u2013 Ctra d\u2019Olot, 42 \u2013 Sant Feliu de Pallerols \u2013 a 5 km. Cuina tradicional elaborada, bona qualitat, men\u00fas dies laborables i carta caps de setmana. Tel. 972.44.42.69<\/li>\n<li><strong>H\u00edpica<\/strong> \u2013 Restaurant La Curenya \u2013 Ctra Les Planes a Olot \u2013 Les Planes d\u2019Hostoles \u2013 a 4 km. Restaurant H\u00edpica, amb espais exteriors molt agradables, cuina tradicional, men\u00fas dies laborables i carta caps de setmana. Tel. 972.44.42.69<\/li>\n<li><strong>Mas El Siub\u00e9s<\/strong> \u2013 Les Planes d\u2019Hostoles \u2013 a 8 km. \u00c9s una masia molt antiga i molt reconeguda en el seu entorn. El passat 1 d\u2019octubre de 2010, Mas El Siub\u00e9s va obrir les seves portes perqu\u00e8 puguin gaudir del seu entorn i de la seva cuina tradicional de primera qualitat. Especialitzats en plats de bacall\u00e0. Tel. 972.98.01.87<\/li>\n<li><strong>L\u2019Hostalet<\/strong> \u2013 Cuina tradicional \u2013 C \/ Vic 18 \u2013 La Vall d\u2019en Bas (Els Hostalets) \u2013 a 15 km. Cuina tradicional amb especialitats de la Garrotxa, bona qualitat, men\u00fas dies laborables i carta caps de setmana. Tel. 972.69.00.06<\/li>\n<li><strong>La Moixina<\/strong> \u2013 Per gaudir dels seus exteriors \u2013 Ctra Santa Pau km 2,7 \u2013 Olot \u2013 A 20 km. Situada al Parc Natural de la Zona Volc\u00e0nica de la Garrotxa, compta amb diversos menjadors interiors i una gran carpa oberta a la primavera i estiu . Ideal per gaudir d\u2019un passeig pel seu entorn abans o despr\u00e9s de dinar. Men\u00fa dies feiners i carta caps de setmana. Tel. 972.26.10.00<\/li>\n<li><strong>Hostal Els Ossos<\/strong> \u2013 Ideal per anar amb nens \u2013 Crtra Santa Pau km 2,7 \u2013 Batet de la Serra \u2013 A 25 km. El restaurant Els Ossos disposa de diversos menjadors i una zona exterior l\u00fadica infantil totalment delimitada i f\u00e0cil de vigilar. Men\u00fa setmanal i carta caps de setmana i festius (tanca al juliol i els Dijous) \u00c9s molt recomanable reservar taula. Tel. 972.266.134 \/ 972.270.817 NO accepten targetes de cr\u00e8dit<\/li>\n<li><strong>La C\u00faria Reial<\/strong> \u2013 Al centre de Besal\u00fa \u2013 Pla\u00e7a de la Llibertat, 14 \u2013 Besal\u00fa \u2013 A 40 km. Cuina de mercat i amb un toc d\u2019autor, men\u00fa diari i carta els caps de setmana, menjadors interiors amb decoraci\u00f3 r\u00fastica. Per reserves: Tel. 972.59.02.63<\/li>\n<li><strong>Fonda Arnau<\/strong> \u2013 Cuina tradicional \u2013 Sec. Salvador Sim\u00f3n, 2 \u2013 Les Planes d\u2019Hostoles \u2013 a 1 km. Cuina tradicional, tracte familiar i molt agradable, bona quantitat i qualitat a bon preu, men\u00fas dies laborables i caps de setmana. Tel. 972.44.80.12<\/li>\n<li><strong>Can Xabanet<\/strong> \u2013 Molt a prop de l\u2019estany de Banyoles \u2013 Pla\u00e7a del Carme, 27 \u2013 Banyoles \u2013 A 50 km. Cuina tradicional amb un toc d\u2019autor, men\u00fa diari i men\u00fa els caps de setmana, menjadors interiors amb decoraci\u00f3 moderna. Per reserves: Tel. 972.57.02.52<\/li>\n<\/ul>\n<\/div><\/div><style type=\"text\/css\">.fusion-body .fusion-builder-column-2{width:66.666666666667% !important;margin-top : 0px;margin-bottom : 20px;}.fusion-builder-column-2 > .fusion-column-wrapper {padding-top : 0px !important;padding-right : 0px !important;margin-right : 2.88%;padding-bottom : 0px !important;padding-left : 0px !important;margin-left : 2.88%;}@media only screen and (max-width:1024px) {.fusion-body .fusion-builder-column-2{width:66.666666666667% !important;order : 0;}.fusion-builder-column-2 > .fusion-column-wrapper {margin-right : 2.88%;margin-left : 2.88%;}}@media only screen and (max-width:640px) {.fusion-body .fusion-builder-column-2{width:100% !important;order : 0;}.fusion-builder-column-2 > .fusion-column-wrapper {margin-right : 1.92%;margin-left : 1.92%;}}<\/style><\/div><div class=\"fusion-layout-column fusion_builder_column fusion-builder-column-3 fusion_builder_column_1_3 1_3 fusion-flex-column fusion-animated\" data-animationType=\"fadeInRight\" data-animationDuration=\"2.0\" data-animationOffset=\"top-into-view\"><div class=\"fusion-column-wrapper fusion-flex-justify-content-flex-start fusion-content-layout-column\" style=\"background-position:left top;background-repeat:no-repeat;-webkit-background-size:cover;-moz-background-size:cover;-o-background-size:cover;background-size:cover;padding: 0px 0px 0px 0px;\"><div ><span class=\" fusion-imageframe imageframe-none imageframe-2 hover-type-none\"><img decoding=\"async\" width=\"1500\" height=\"996\" title=\"Cuina-volca\u0300nica-2\" src=\"https:\/\/elbosquero.com\/wp-content\/uploads\/2017\/12\/Cuina-volca\u0300nica-2.jpg\" alt class=\"img-responsive wp-image-2644\"\/><\/span><\/div><div ><style>.fusion-imageframe.imageframe-3{ margin-top : 20PX;}<\/style><span class=\" fusion-imageframe imageframe-none imageframe-3 hover-type-none\"><img decoding=\"async\" width=\"1500\" height=\"1000\" title=\"Cuina-volca\u0300nica-1\" src=\"https:\/\/elbosquero.com\/wp-content\/uploads\/2017\/12\/Cuina-volca\u0300nica-1.jpg\" alt class=\"img-responsive wp-image-2641\"\/><\/span><\/div><\/div><style type=\"text\/css\">.fusion-body .fusion-builder-column-3{width:33.333333333333% !important;margin-top : 0px;margin-bottom : 20px;}.fusion-builder-column-3 > .fusion-column-wrapper {padding-top : 0px !important;padding-right : 0px !important;margin-right : 5.76%;padding-bottom : 0px !important;padding-left : 0px !important;margin-left : 5.76%;}@media only screen and (max-width:1024px) {.fusion-body .fusion-builder-column-3{width:33.333333333333% !important;order : 0;}.fusion-builder-column-3 > .fusion-column-wrapper {margin-right : 5.76%;margin-left : 5.76%;}}@media only screen and (max-width:640px) {.fusion-body .fusion-builder-column-3{width:100% !important;order : 0;}.fusion-builder-column-3 > .fusion-column-wrapper {margin-right : 1.92%;margin-left : 1.92%;}}<\/style><\/div><\/div><style type=\"text\/css\">.fusion-body .fusion-flex-container.fusion-builder-row-2{ padding-top : 60px;margin-top : 50px;padding-right : 0px;padding-bottom : 60px;margin-bottom : -60px;padding-left : 0px;}<\/style><\/div><\/p>\n","protected":false},"excerpt":{"rendered":"","protected":false},"author":1,"featured_media":0,"parent":0,"menu_order":0,"comment_status":"closed","ping_status":"closed","template":"100-width.php","meta":[],"_links":{"self":[{"href":"https:\/\/elbosquero.com\/ca\/wp-json\/wp\/v2\/pages\/1831"}],"collection":[{"href":"https:\/\/elbosquero.com\/ca\/wp-json\/wp\/v2\/pages"}],"about":[{"href":"https:\/\/elbosquero.com\/ca\/wp-json\/wp\/v2\/types\/page"}],"author":[{"embeddable":true,"href":"https:\/\/elbosquero.com\/ca\/wp-json\/wp\/v2\/users\/1"}],"replies":[{"embeddable":true,"href":"https:\/\/elbosquero.com\/ca\/wp-json\/wp\/v2\/comments?post=1831"}],"version-history":[{"count":5,"href":"https:\/\/elbosquero.com\/ca\/wp-json\/wp\/v2\/pages\/1831\/revisions"}],"predecessor-version":[{"id":4350,"href":"https:\/\/elbosquero.com\/ca\/wp-json\/wp\/v2\/pages\/1831\/revisions\/4350"}],"wp:attachment":[{"href":"https:\/\/elbosquero.com\/ca\/wp-json\/wp\/v2\/media?parent=1831"}],"curies":[{"name":"wp","href":"https:\/\/api.w.org\/{rel}","templated":true}]}}