{"id":1872,"date":"2017-12-20T20:03:18","date_gmt":"2017-12-20T20:03:18","guid":{"rendered":"https:\/\/elbosquero.com\/condiciones-de-uso\/"},"modified":"2023-07-27T13:01:54","modified_gmt":"2023-07-27T11:01:54","slug":"condicions-us","status":"publish","type":"page","link":"https:\/\/elbosquero.com\/ca\/condicions-us\/","title":{"rendered":"Condicions d&#8217;\u00fas"},"content":{"rendered":"<p>La utilitzaci\u00f3 d&#8217;aquesta publicaci\u00f3 digital implica l&#8217;acceptaci\u00f3 de les condicions d&#8217;\u00fas seg\u00fcents:<\/p>\n<p>La publicaci\u00f3 digital d&#8217;EL BOSQUERO CB t\u00e9 com a objectiu facilitar als nostres clients i al p\u00fablic en general la informaci\u00f3 relativa a l&#8217;empresa i als productes i serveis que s&#8217;hi ofereixen.<\/p>\n<p>EL BOSQUERO CB no es compromet a l&#8217;actualitzaci\u00f3 immediata de la informaci\u00f3 continguda a la publicaci\u00f3 digital.<\/p>\n<p>EL BOSQUERO CB no assumeix cap responsabilitat derivada dels continguts que tinguin terceres parts als enlla\u00e7os o vincles als quals es fa refer\u00e8ncia en aquestes p\u00e0gines.<\/p>\n<p>EL BOSQUERO CB no es responsabilitza de qualsevol dany o perjudici en el programari o maquinari de l&#8217;usuari, derivat de l&#8217;acc\u00e9s a la publicaci\u00f3 digital o de l&#8217;\u00fas de la informaci\u00f3 o aplicacions que contingui.<\/p>\n<p>EL BOSQUERO CB \u00e9s titular de tots els drets sobre el programari de la publicaci\u00f3 digital aix\u00ed com dels drets de propietat industrial i intel\u00b7lectual referits als continguts que s&#8217;incloguin, a excepci\u00f3 dels drets sobre productes i serveis de car\u00e0cter p\u00fablic que no s\u00f3n propietat d&#8217;aquesta empresa, les marques dels quals estan registrades a favor dels seus titulars respectius, i com a tals s\u00f3n reconegudes per EL BOSQUERO CB. Cap material d&#8217;aquesta publicaci\u00f3 digital no podr\u00e0 ser reprodu\u00eft, copiat o publicat sense el consentiment per escrit d&#8217;EL BOSQUERO CB.<\/p>\n<p>EL BOSQUERO CB respectar\u00e0 escrupolosament la confidencialitat de les dades de car\u00e0cter personal aportades pels usuaris de la publicaci\u00f3 digital, mitjan\u00e7ant el compliment de la normativa vigent sobre protecci\u00f3 de dades, i entre d&#8217;altres, d&#8217;all\u00f2 que disposa la Llei Org\u00e0nica 15\/1999, de 13 de desembre, de protecci\u00f3 de dades de car\u00e0cter personal.<\/p>\n<p>El correu electr\u00f2nic no es considerar\u00e0 com un mitj\u00e0 v\u00e0lid als efectes de presentaci\u00f3 de reclamacions. Per aquest fi, cal adre\u00e7ar-se al servei d&#8217;atenci\u00f3 al client d&#8217;EL BOSQUERO CB que indicar\u00e0 en cada cas els punts que cal seguir.<\/p>\n<p>Tota la informaci\u00f3 que es rebi en aquestes p\u00e0gines, com ara comentaris, suggeriments o idees, es considerar\u00e0 cedida a EL BOSQUERO CB de manera gratu\u00efta. No heu d&#8217;enviar informaci\u00f3 que NO pugui ser tractada d&#8217;aquesta manera.<\/p>\n<p>Tots els productes i serveis d&#8217;aquestes p\u00e0gines que NO s\u00f3n propietat d&#8217;EL BOSQUERO CB s\u00f3n marques registrades dels seus respectius propietaris i s\u00f3n reconegudes com a tals per EL BOSQUERO CB. Apareixen en aquesta publicaci\u00f3 digital a efectes de promoci\u00f3 i recopilaci\u00f3 d&#8217;informaci\u00f3. Aquests propietaris poden sol\u00b7licitar la modificaci\u00f3 o l&#8217;eliminaci\u00f3 de la informaci\u00f3 que els pertany.<\/p>\n<p>Qualsevol tipus de notificaci\u00f3 i\/o reclamaci\u00f3 nom\u00e9s ser\u00e0 v\u00e0lida per notificaci\u00f3 escrita i\/o correu certificat.<\/p>\n","protected":false},"excerpt":{"rendered":"<p>La utilitzaci\u00f3 d&#8217;aquesta publicaci\u00f3 digital implica l&#8217;acceptaci\u00f3 de les condicions [&hellip;]<\/p>\n","protected":false},"author":1,"featured_media":0,"parent":0,"menu_order":0,"comment_status":"closed","ping_status":"closed","template":"","meta":[],"_links":{"self":[{"href":"https:\/\/elbosquero.com\/ca\/wp-json\/wp\/v2\/pages\/1872"}],"collection":[{"href":"https:\/\/elbosquero.com\/ca\/wp-json\/wp\/v2\/pages"}],"about":[{"href":"https:\/\/elbosquero.com\/ca\/wp-json\/wp\/v2\/types\/page"}],"author":[{"embeddable":true,"href":"https:\/\/elbosquero.com\/ca\/wp-json\/wp\/v2\/users\/1"}],"replies":[{"embeddable":true,"href":"https:\/\/elbosquero.com\/ca\/wp-json\/wp\/v2\/comments?post=1872"}],"version-history":[{"count":2,"href":"https:\/\/elbosquero.com\/ca\/wp-json\/wp\/v2\/pages\/1872\/revisions"}],"predecessor-version":[{"id":4416,"href":"https:\/\/elbosquero.com\/ca\/wp-json\/wp\/v2\/pages\/1872\/revisions\/4416"}],"wp:attachment":[{"href":"https:\/\/elbosquero.com\/ca\/wp-json\/wp\/v2\/media?parent=1872"}],"curies":[{"name":"wp","href":"https:\/\/api.w.org\/{rel}","templated":true}]}}