{"id":2039,"date":"2017-11-10T10:35:29","date_gmt":"2017-11-10T10:35:29","guid":{"rendered":"https:\/\/elbosquero.com\/que-visitar\/"},"modified":"2023-07-27T22:28:49","modified_gmt":"2023-07-27T20:28:49","slug":"que-visitar","status":"publish","type":"page","link":"https:\/\/elbosquero.com\/ca\/que-visitar\/","title":{"rendered":"Qu\u00e8 visitar"},"content":{"rendered":"<div class=\"fusion-fullwidth fullwidth-box fusion-builder-row-1 fusion-flex-container nonhundred-percent-fullwidth non-hundred-percent-height-scrolling\" style=\"background-color: rgba(255,255,255,0);background-position: center center;background-repeat: no-repeat;border-width: 0px 0px 0px 0px;border-color:#e2e2e2;border-style:solid;\" ><div class=\"fusion-builder-row fusion-row fusion-flex-align-items-flex-start\" style=\"max-width:1248px;margin-left: calc(-4% \/ 2 );margin-right: calc(-4% \/ 2 );\"><div class=\"fusion-layout-column fusion_builder_column fusion-builder-column-0 fusion_builder_column_1_1 1_1 fusion-flex-column\"><div class=\"fusion-column-wrapper fusion-flex-justify-content-flex-start fusion-content-layout-column\" style=\"background-position:left top;background-repeat:no-repeat;-webkit-background-size:cover;-moz-background-size:cover;-o-background-size:cover;background-size:cover;padding: 0px 0px 0px 0px;\"><div class=\"fusion-content-boxes content-boxes columns row fusion-columns-2 fusion-columns-total-11 fusion-content-boxes-1 content-boxes-timeline-horizontal content-left content-boxes-icon-on-top content-boxes-timeline-layout fusion-delayed-animation\" data-animation-delay=\"350\" data-animationOffset=\"top-into-view\" style=\"margin-top:;margin-bottom:10px;\"><style type=\"text\/css\">.fusion-content-boxes-1 .heading .content-box-heading {color:#212934;}\n\t\t\t\t\t.fusion-content-boxes-1 .fusion-content-box-hover .link-area-link-icon-hover .heading .content-box-heading,\n\t\t\t\t\t.fusion-content-boxes-1 .fusion-content-box-hover .link-area-link-icon-hover .heading .heading-link .content-box-heading,\n\t\t\t\t\t.fusion-content-boxes-1 .fusion-content-box-hover .link-area-box-hover .heading .content-box-heading,\n\t\t\t\t\t.fusion-content-boxes-1 .fusion-content-box-hover .link-area-box-hover .heading .heading-link .content-box-heading,\n\t\t\t\t\t.fusion-content-boxes-1 .fusion-content-box-hover .link-area-link-icon-hover.link-area-box .fusion-read-more,\n\t\t\t\t\t.fusion-content-boxes-1 .fusion-content-box-hover .link-area-link-icon-hover.link-area-box .fusion-read-more::after,\n\t\t\t\t\t.fusion-content-boxes-1 .fusion-content-box-hover .link-area-link-icon-hover.link-area-box .fusion-read-more::before,\n\t\t\t\t\t.fusion-content-boxes-1 .fusion-content-box-hover .fusion-read-more:hover:after,\n\t\t\t\t\t.fusion-content-boxes-1 .fusion-content-box-hover .fusion-read-more:hover:before,\n\t\t\t\t\t.fusion-content-boxes-1 .fusion-content-box-hover .fusion-read-more:hover,\n\t\t\t\t\t.fusion-content-boxes-1 .fusion-content-box-hover .link-area-box-hover.link-area-box .fusion-read-more,\n\t\t\t\t\t.fusion-content-boxes-1 .fusion-content-box-hover .link-area-box-hover.link-area-box .fusion-read-more::after,\n\t\t\t\t\t.fusion-content-boxes-1 .fusion-content-box-hover .link-area-box-hover.link-area-box .fusion-read-more::before,\n\t\t\t\t\t.fusion-content-boxes-1 .fusion-content-box-hover .link-area-link-icon-hover .icon .circle-no,\n\t\t\t\t\t.fusion-content-boxes-1 .heading .heading-link:hover .content-box-heading {\n\t\t\t\t\t\tcolor: #65bc7b;\n\t\t\t\t\t}\n\t\t\t\t\t.fusion-content-boxes-1 .fusion-content-box-hover .link-area-box-hover .icon .circle-no {\n\t\t\t\t\t\tcolor: #65bc7b !important;\n\t\t\t\t\t}.fusion-content-boxes-1 .fusion-content-box-hover .link-area-box.link-area-box-hover .fusion-content-box-button {background: #ffffff;color: #333333;}.fusion-content-boxes-1 .fusion-content-box-hover .link-area-box.link-area-box-hover .fusion-content-box-button .fusion-button-text {color: #333333;}\n\t\t\t\t\t.fusion-content-boxes-1 .fusion-content-box-hover .link-area-link-icon-hover .heading .icon > span {\n\t\t\t\t\t\tbackground-color: #65bc7b !important;\n\t\t\t\t\t}\n\t\t\t\t\t.fusion-content-boxes-1 .fusion-content-box-hover .link-area-box-hover .heading .icon > span {\n\t\t\t\t\t\tborder-color: #65bc7b !important;\n\t\t\t\t\t}<\/style><div class=\"fusion-column content-box-column content-box-column content-box-column-1 col-lg-6 col-md-6 col-sm-6 fusion-content-box-hover content-box-column-first-in-row\"><div class=\"col content-box-wrapper content-wrapper link-area-box content-icon-wrapper-yes icon-hover-animation-fade fusion-animated\" style=\"background-color:rgba(255,255,255,0);\" data-animationType=\"fadeIn\" data-animationDuration=\"0.25\" data-animationOffset=\"top-into-view\"><div class=\"heading heading-with-icon icon-left\"><div aria-hidden=\"true\" class=\"image\"><img src=\"https:\/\/elbosquero.com\/wp-content\/uploads\/2023\/07\/gorg-1-1024x680.jpeg\" width=\"1024\" height=\"680\" alt=\"\" \/><\/div><h2 class=\"content-box-heading\" style=\"font-size:24px;line-height:29px;\">GORGS DELS PLANS D'HOSTOLES<\/h2><\/div><div class=\"fusion-clearfix\"><\/div><div class=\"content-container\" style=\"color:#4a4e57;\">\n<p><strong>A 2km del Bosquer\u00f3 \/ El Mirador<\/strong><\/p>\n<p>Descobreix la bellesa natural dels gorgs de les Planes d&#8217;Hostoles, un parad\u00eds amagat a la comarca de la Garrotxa. Aquest encantador conjunt de cascades i gorgs al riu Brugent us convida a submergir-vos en un entorn de somni.<\/p>\n<p>Amb el seu entorn tranquil i pintoresc, els gorgs s\u00f3n una destinaci\u00f3 ideal per als amants de la natura i els aficionats a les caminades. Gaudeix de la serenitat de l&#8217;aigua que flueix i l&#8217;exuberant vegetaci\u00f3 circumdant.<\/p>\n<\/div><\/div><\/div><div class=\"fusion-column content-box-column content-box-column content-box-column-2 col-lg-6 col-md-6 col-sm-6 fusion-content-box-hover content-box-column-last-in-row\"><div class=\"col content-box-wrapper content-wrapper link-area-box content-icon-wrapper-yes icon-hover-animation-fade fusion-animated\" style=\"background-color:rgba(255,255,255,0);\" data-animationType=\"fadeIn\" data-animationDuration=\"0.25\" data-animationOffset=\"top-into-view\"><div class=\"heading heading-with-icon icon-left\"><div aria-hidden=\"true\" class=\"image\"><img src=\"https:\/\/elbosquero.com\/wp-content\/uploads\/2023\/07\/roure-e1690311019312-1024x685.jpeg\" width=\"1024\" height=\"685\" alt=\"\" \/><\/div><h2 class=\"content-box-heading\" style=\"font-size:24px;line-height:29px;\">EL ROURE DE LA XORIGUERA<\/h2><\/div><div class=\"fusion-clearfix\"><\/div><div class=\"content-container\" style=\"color:#4a4e57;\">\n<p><strong>A 3km del Bosquer\u00f3 \/ El Mirador<\/strong><\/p>\n<p>Descobreix la grandiositat del Roure de la Xoriguera, un tresor natural a les Planes d\u2019Hostoles. Aquest majestu\u00f3s arbre centenari s&#8217;al\u00e7a com a s\u00edmbol de la bellesa i la hist\u00f2ria de la regi\u00f3.<\/p>\n<p>La seva pres\u00e8ncia \u00fanica i la seva ubicaci\u00f3 en un entorn encantador, envoltat de vegetaci\u00f3 exuberant ia prop del riu Brugent, fan d&#8217;aquest arbre una parada obligada per als amants de la natura i els aficionats a la fotografia.<\/p>\n<\/div><\/div><\/div><div class=\"fusion-column content-box-column content-box-column content-box-column-3 col-lg-6 col-md-6 col-sm-6 fusion-content-box-hover content-box-column-first-in-row\"><div class=\"col content-box-wrapper content-wrapper-background link-area-box content-icon-wrapper-yes icon-hover-animation-fade fusion-animated\" style=\"background-color:#ffffff;\" data-animationType=\"fadeIn\" data-animationDuration=\"0.25\" data-animationOffset=\"top-into-view\"><div class=\"heading heading-with-icon icon-left\"><div aria-hidden=\"true\" class=\"image\"><img src=\"https:\/\/elbosquero.com\/wp-content\/uploads\/2017\/12\/Besalu\u0301.jpg\" width=\"1500\" height=\"1120\" alt=\"\" \/><\/div><h2 class=\"content-box-heading\" style=\"font-size:24px;line-height:29px;\">BESAL\u00da<\/h2><\/div><div class=\"fusion-clearfix\"><\/div><div class=\"content-container\" style=\"color:#4a4e57;\">\n<p><strong>A 30km del Bosquer\u00f3 \/ El Mirador<\/strong><\/p>\n<p>Gr\u00e0cies al patrimoni hist\u00f2ric incalculable i la seva excel\u00b7lent conservaci\u00f3, Besal\u00fa s\u2019ha convertit en una de les destinacions tur\u00edstiques obligades d\u2019Espanya. El paisatge extraordinari de la comarca de la Garrotxa on es troba Besal\u00fa, \u00e9s tamb\u00e9 un dels al\u00b7licients seductors del visitant. Els monuments de la vila conformen un conjunt hist\u00f2ric que expressa el pas centenari de diferents cultures en el territori.<\/p>\n<p>Besal\u00fa forma part de la xarxa de calls d\u2019Espanya, un itinerari exclusiu on participen llocs que contenen un alt valor de la mem\u00f2ria jueva al seu pas a l\u2019edat medieval. Els seus banys jueus (Micv\u00e9) s\u00f3n els tercers m\u00e9s importants d\u00b4Europa \u2026<\/p>\n<p>Podeu gaudir d\u2019aquesta riquesa hist\u00f2rica des de l\u2019oficina de turisme de Besal\u00fa, on us informaran de les visites guiades i les nombroses activitats que ofereix la Vila Comtal.<\/p>\n<\/div><\/div><\/div><div class=\"fusion-column content-box-column content-box-column content-box-column-4 col-lg-6 col-md-6 col-sm-6 fusion-content-box-hover content-box-column-last-in-row\"><div class=\"col content-box-wrapper content-wrapper-background link-area-box content-icon-wrapper-yes icon-hover-animation-fade fusion-animated\" style=\"background-color:#ffffff;\" data-animationType=\"fadeIn\" data-animationDuration=\"0.25\" data-animationOffset=\"top-into-view\"><div class=\"heading heading-with-icon icon-left\"><div aria-hidden=\"true\" class=\"image\"><img src=\"https:\/\/elbosquero.com\/wp-content\/uploads\/2017\/12\/Barcelona-2.jpg\" width=\"1500\" height=\"1091\" alt=\"\" \/><\/div><h2 class=\"content-box-heading\" style=\"font-size:24px;line-height:29px;\">BARCELONA<\/h2><\/div><div class=\"fusion-clearfix\"><\/div><div class=\"content-container\" style=\"color:#4a4e57;\">\n<p><strong>A 115km del Bosquer\u00f3 \/ El Mirador<\/strong><\/p>\n<p>Barcelona t\u00e9 el car\u00e0cter de les ciutats mediterr\u00e0nies: din\u00e0mica i oberta, convida a l\u2019oci, a passejar i a gaudir. Barcelona t\u00e9 un estil de vida propi que la fa \u00fanica. Bressol de moltes cultures i testimoni de grans transformacions, la hist\u00f2ria de Barcelona \u00e9s fascinant.<br \/>\nLa brisa marina aconsegueix que el clima a Barcelona normalment sigui agradable.<br \/>\nHoraris extensos per comprar, per menjar \u2026 i tamb\u00e9 per gaudir! Coneix una mica m\u00e9s sobre com es viu a Barcelona.<\/p>\n<\/div><\/div><\/div><div class=\"fusion-column content-box-column content-box-column content-box-column-5 col-lg-6 col-md-6 col-sm-6 fusion-content-box-hover content-box-column-first-in-row\"><div class=\"col content-box-wrapper content-wrapper-background link-area-box content-icon-wrapper-yes icon-hover-animation-fade fusion-animated\" style=\"background-color:#ffffff;\" data-animationType=\"fadeIn\" data-animationDuration=\"0.25\" data-animationOffset=\"top-into-view\"><div class=\"heading heading-with-icon icon-left\"><div aria-hidden=\"true\" class=\"image\"><img src=\"https:\/\/elbosquero.com\/wp-content\/uploads\/2017\/12\/Zona-volca\u0300nica-Garrotxa.jpg\" width=\"1400\" height=\"933\" alt=\"\" \/><\/div><h2 class=\"content-box-heading\" style=\"font-size:24px;line-height:29px;\">ZONA VOLC\u00c0NICA DE LA GARROTXA<\/h2><\/div><div class=\"fusion-clearfix\"><\/div><div class=\"content-container\" style=\"color:#4a4e57;\">\n<p><strong>A 20km del Bosquer\u00f3 \/ El Mirador<\/strong><\/p>\n<p>La Zona Volc\u00e0nica de la Garrotxa \u00e9s el millor exponent de paisatge volc\u00e0nic de la Pen\u00ednsula Ib\u00e8rica. T\u00e9 una quarantena de cons volc\u00e0nics i m\u00e9s de vint colades de lava. L\u2019orografia, el s\u00f2l i el clima proporcionen una variada vegetaci\u00f3, sovint exuberant, amb alzinars, rouredes i fagedes d\u2019excepcional valor paisatg\u00edstic.<\/p>\n<p>Al Parc Natural de la Zona Volc\u00e0nica de la Garrotxa hi ha 28 itineraris a peu amb acc\u00e9s al mirador, que transcorren pels indrets m\u00e9s interessants del Parc Natural. La majoria d\u2019ells estan senyalitzats, excepte alguns dels m\u00e9s llargs que, si s\u2019hi est\u00e0 habituat , es poden seguir f\u00e0cilment amb l\u2019ajuda del pl\u00e0nol-guia del Parc Natural.<br \/>\nEl Parc Natural disposa d\u2019una extensa oferta de publicacions.<\/p>\n<\/div><\/div><\/div><div class=\"fusion-column content-box-column content-box-column content-box-column-6 col-lg-6 col-md-6 col-sm-6 fusion-content-box-hover content-box-column-last-in-row\"><div class=\"col content-box-wrapper content-wrapper-background link-area-box content-icon-wrapper-yes icon-hover-animation-fade fusion-animated\" style=\"background-color:#ffffff;\" data-animationType=\"fadeIn\" data-animationDuration=\"0.25\" data-animationOffset=\"top-into-view\"><div class=\"heading heading-with-icon icon-left\"><div aria-hidden=\"true\" class=\"image\"><img src=\"https:\/\/elbosquero.com\/wp-content\/uploads\/2017\/12\/Les-Planes-dHostoles-2.jpg\" width=\"1500\" height=\"1125\" alt=\"\" \/><\/div><h2 class=\"content-box-heading\" style=\"font-size:24px;line-height:29px;\">LES PLANES D\u2019HOSTOLES<\/h2><\/div><div class=\"fusion-clearfix\"><\/div><div class=\"content-container\" style=\"color:#4a4e57;\">\n<p><strong>A 700m del Bosquer\u00f3 \/ El Mirador<\/strong><\/p>\n<p>Les Planes d\u2019Hostoles es troba a l\u2019entrada del Parc Natural de la Zona Volc\u00e0nica de la Garrotxa (Girona). \u00c9s la zona volc\u00e0nica m\u00e9s important de la Pen\u00ednsula Ib\u00e8rica.<\/p>\n<p>La naturalesa en tot el seu esplendor amb els seus boscos de roures, alzines i faigs, gorgs i salts d\u2019aigua, rius i rierols.<\/p>\n<p>La poblaci\u00f3 compta amb tot el necessari per fer de la seva estada un record inoblidable amb racons amb molt d\u2019encant, acc\u00e9s directe al bici-carril (Olot-Girona) i serveis imprescindibles com: supermercats, peixateria, carnisseria, farm\u00e0cia, transport p\u00fablic, restaurants, etc \u2026<\/p>\n<\/div><\/div><\/div><div class=\"fusion-column content-box-column content-box-column content-box-column-7 col-lg-6 col-md-6 col-sm-6 fusion-content-box-hover content-box-column-first-in-row\"><div class=\"col content-box-wrapper content-wrapper-background link-area-box content-icon-wrapper-yes icon-hover-animation-fade fusion-animated\" style=\"background-color:#ffffff;\" data-animationType=\"fadeIn\" data-animationDuration=\"0.25\" data-animationOffset=\"top-into-view\"><div class=\"heading heading-with-icon icon-left\"><div aria-hidden=\"true\" class=\"image\"><img src=\"https:\/\/elbosquero.com\/wp-content\/uploads\/2023\/07\/foto-web-fageda-karina-e1690311143216-1.jpeg\" width=\"960\" height=\"720\" alt=\"\" \/><\/div><h2 class=\"content-box-heading\" style=\"font-size:24px;line-height:29px;\">LA FAGEDA D\u2019EN JORD\u00c0<\/h2><\/div><div class=\"fusion-clearfix\"><\/div><div class=\"content-container\" style=\"color:#4a4e57;\">\n<p><strong>A 20km del Bosquer\u00f3 \/ El Mirador<\/strong><\/p>\n<p>La Fageda d\u2019en Jord\u00e0, \u00e9s una reserva natural que compr\u00e8n un bosc de faigs de caracter\u00edstiques \u00faniques a Espanya, ja que creix sobre un terreny relativament pla, format per una colada de lava procedent del volc\u00e0 del Croscat, a una altitud que no \u00e9s freq\u00fcent a la Pen\u00ednsula Ib\u00e8rica per a aquest tipus d\u2019arbres, entre 550 i 650 m. T\u00e9 una extensi\u00f3 d\u2019uns 4,8 km2 i est\u00e0 ple de promin\u00e8ncies pr\u00f2pies de la lava que poden assolir m\u00e9s de 20 m d\u2019al\u00e7ada, amb el nom local de tossols.<\/p>\n<p>La fageda \u00e9s fam\u00f3sa perqu\u00e8 el poeta Joan Maragall va escriure un conegut poema en el seu honor (\u201cLa fageda d\u2019en Jord\u00e0\u201d). A l\u2019entrada principal de la fageda, al km 4 de la carretera d\u2019Olot a Santa Pau, on es troba l\u2019aparcament de Can Serra, hi ha un mon\u00f2lit en honor seu. Dins del bosc est\u00e0 prohibit l\u2019\u00fas de vehicles a motor, per\u00f2, hi ha diverses rutes a peu i es pot llogar un cavall o un carruatge antic tirat per cavalls al km 7 de la carretera d\u2019Olot a Santa Pau.<\/p>\n<\/div><\/div><\/div><div class=\"fusion-column content-box-column content-box-column content-box-column-8 col-lg-6 col-md-6 col-sm-6 fusion-content-box-hover content-box-column-last-in-row\"><div class=\"col content-box-wrapper content-wrapper-background link-area-box content-icon-wrapper-yes icon-hover-animation-fade fusion-animated\" style=\"background-color:#ffffff;\" data-animationType=\"fadeIn\" data-animationDuration=\"0.25\" data-animationOffset=\"top-into-view\"><div class=\"heading heading-with-icon icon-left\"><div aria-hidden=\"true\" class=\"image\"><img src=\"https:\/\/elbosquero.com\/wp-content\/uploads\/2017\/12\/Vol-de-coloms.jpg\" width=\"1500\" height=\"1125\" alt=\"\" \/><\/div><h2 class=\"content-box-heading\" style=\"font-size:24px;line-height:29px;\">HOSTALETS D\u2019EN BAS<\/h2><\/div><div class=\"fusion-clearfix\"><\/div><div class=\"content-container\" style=\"color:#4a4e57;\">\n<p><strong>A 16km del Bosquer\u00f3 \/ El Mirador<\/strong><\/p>\n<p>Al voltant d\u2019un hostal o d\u2019hostalet, com descriu el top\u00f2nim, i al peu de l\u2019antic cam\u00ed ral que anava d\u2019Olot a Vic es va originar un dels nuclis m\u00e9s pintorescos de la regi\u00f3. Els Hostalets des dels seus inicis en el s. XVIII, ha experimentat un creixement moderat i sostingut, amb trets urban\u00edstics remarcables, que conserven la rusticitat original i aut\u00f2ctona d\u2019aquest lloc. Una de les imatges m\u00e9s belles i conegudes del poble, que pintors i fot\u00f2grafs l\u2019han immortalitzat al llarg de la hist\u00f2ria, \u00e9s el carrer Teixeda. Destaca per les cases amb les corresponents eres al davant, ben restaurades i arrenglerades una al costat de l\u2019altra. Si la visita es fa a la primavera o estiu, les llargues balconades de fusta mostren centenars de testos amb geranis i altres flors, conformant aix\u00ed una mena de jard\u00ed urb\u00e0 de notable impacte visual; fets meritoris que han perm\u00e8s al poble d\u2019Hostalets ser catalogat com a conjunt hist\u00f2ric-art\u00edstic.<\/p>\n<\/div><\/div><\/div><div class=\"fusion-column content-box-column content-box-column content-box-column-9 col-lg-6 col-md-6 col-sm-6 fusion-content-box-hover content-box-column-first-in-row\"><div class=\"col content-box-wrapper content-wrapper-background link-area-box content-icon-wrapper-yes icon-hover-animation-fade fusion-animated\" style=\"background-color:#ffffff;\" data-animationType=\"fadeIn\" data-animationDuration=\"0.25\" data-animationOffset=\"top-into-view\"><div class=\"heading heading-with-icon icon-left\"><div aria-hidden=\"true\" class=\"image\"><img src=\"https:\/\/elbosquero.com\/wp-content\/uploads\/2017\/12\/Banyoles.jpg\" width=\"1500\" height=\"1004\" alt=\"\" \/><\/div><h2 class=\"content-box-heading\" style=\"font-size:24px;line-height:29px;\">ESTANY DE BANYOLES<\/h2><\/div><div class=\"fusion-clearfix\"><\/div><div class=\"content-container\" style=\"color:#4a4e57;\">\n<p><strong>A 45km del Bosquer\u00f3 \/ El Mirador<\/strong><\/p>\n<p>L\u2019estany de Banyoles \u00e9s el llac m\u00e9s gran de Catalunya, a la prov\u00edncia de Girona. \u00c9s el principal s\u00edmbol de la ciutat de Banyoles. El llac i la seva conca lacustre s\u00f3n considerats el conjunt c\u00e0rstic m\u00e9s extens d\u2019Espanya, constituint un sistema mediambiental de notable valor.<\/p>\n<p>Situat a l\u2019oest del terme municipal de Banyoles, fou declarat per la Generalitat de Catalunya com a zona integrant del Pla d\u2019Espais d\u2019Inter\u00e8s Natural. El 2003 es va incloure en la llista Ramsar de Zones Humides d\u2019Import\u00e0ncia Internacional i tamb\u00e9 diversos col.lectius han sol.licitat la instauraci\u00f3 d\u2019un Parc Natural.<\/p>\n<\/div><\/div><\/div><div class=\"fusion-column content-box-column content-box-column content-box-column-10 col-lg-6 col-md-6 col-sm-6 fusion-content-box-hover content-box-column-last-in-row\"><div class=\"col content-box-wrapper content-wrapper-background link-area-box content-icon-wrapper-yes icon-hover-animation-fade fusion-animated\" style=\"background-color:#ffffff;\" data-animationType=\"fadeIn\" data-animationDuration=\"0.25\" data-animationOffset=\"top-into-view\"><div class=\"heading heading-with-icon icon-left\"><div aria-hidden=\"true\" class=\"image\"><img src=\"https:\/\/elbosquero.com\/wp-content\/uploads\/2022\/03\/costa-brava-new.jpg\" width=\"1200\" height=\"800\" alt=\"\" \/><\/div><h2 class=\"content-box-heading\" style=\"font-size:24px;line-height:29px;\">LA COSTA BRAVA<\/h2><\/div><div class=\"fusion-clearfix\"><\/div><div class=\"content-container\" style=\"color:#4a4e57;\">\n<p><strong>A 60km del Bosquer\u00f3 \/ El Mirador<\/strong><\/p>\n<p>La Costa Brava \u00e9s un c\u00famul inesgotable de paisatges, platges, pobles, sensacions, gent i possibilitats. A trav\u00e9s dels seus 214 km de costa trobarem reserves naturals com el Cap de Creus o les Illes Medes.&nbsp; Pobles que conserven l\u2019encant mariner que els va fer ser visitats per personatges llegendaris, com Cadaqu\u00e9s o el Port de la Selva. Centres tur\u00edstics com Roses o Platja d\u2019Aro. I diferents pobles com Calella de Palafrugell o Llafranc que fan que la gent hi vagi any rere any. Dlleure.com pret\u00e9n ajudar al visitant a con\u00e8ixer la Costa Brava oferint tota la informaci\u00f3 que necessiten per planificar les seves vacances.<\/p>\n<\/div><\/div><\/div><div class=\"fusion-column content-box-column content-box-column content-box-column-11 col-lg-6 col-md-6 col-sm-6 fusion-content-box-hover content-box-column-first-in-row content-box-column-last\"><div class=\"col content-box-wrapper content-wrapper-background link-area-box content-icon-wrapper-yes icon-hover-animation-fade fusion-animated\" style=\"background-color:#ffffff;\" data-animationType=\"fadeIn\" data-animationDuration=\"0.25\" data-animationOffset=\"top-into-view\"><div class=\"heading heading-with-icon icon-left\"><div aria-hidden=\"true\" class=\"image\"><img src=\"https:\/\/elbosquero.com\/wp-content\/uploads\/2017\/12\/Girona.jpg\" width=\"1500\" height=\"988\" alt=\"\" \/><\/div><h2 class=\"content-box-heading\" style=\"font-size:24px;line-height:29px;\">GIRONA<\/h2><\/div><div class=\"fusion-clearfix\"><\/div><div class=\"content-container\" style=\"color:#4a4e57;\">\n<p><strong>A 30km del Bosquer\u00f3 \/ El Mirador<\/strong><\/p>\n<p>Girona t\u00e9 tot l\u2019encant de les grans ciutats, per\u00f2 sense multituds; una ciutat feta a mida humana per badar en tots els vessants: carrers, festes, oferta cultural, restaurants, serveis tur\u00edstics, esdeveniments, festivals \u2026 Aprofiteu-vos-en a qualsevol moment de l\u2019any i, si podeu, aneu-hi m\u00e9s d\u2019una vegada, perqu\u00e8 \u00e9s una ciutat viva i sempre t\u00e9 sorpreses per oferir.<\/p>\n<p>A Girona hi podeu fer de tot. La ciutat, un gran escenari amb segles d\u2019hist\u00f2ria amb monuments espectaculars, us convida a una passejada pel Barri Vell. Tamb\u00e9 t\u00e9 una vida intensa, amb esdeveniments de forta particularitat cada mes de l\u2019any. A m\u00e9s, Girona \u00e9s avui en dia un focus de producci\u00f3 cultural amb una reconeguda programaci\u00f3 estable de teatre i m\u00fasica. I si el que voleu \u00e9s fer esport, tant la ciutat com les comarques del seu entorn us posen a disposici\u00f3 tots els mitjans per practicar l\u2019esport que vulgueu. De tot. Girona us d\u00f3na aquesta possibilitat.<\/p>\n<\/div><\/div><\/div><style type=\"text\/css\">\n\t\t\t\t\t\t.fusion-content-boxes-1 .fusion-content-box-hover .heading-link:hover .icon i.circle-yes,\n\t\t\t\t\t\t.fusion-content-boxes-1 .fusion-content-box-hover .link-area-box:hover .heading-link .icon i.circle-yes,\n\t\t\t\t\t\t.fusion-content-boxes-1 .fusion-content-box-hover .link-area-link-icon-hover .heading .icon i.circle-yes,\n\t\t\t\t\t\t.fusion-content-boxes-1 .fusion-content-box-hover .link-area-box-hover .heading .icon i.circle-yes {\n\t\t\t\t\t\t\tbackground-color: #65bc7b !important;\n\t\t\t\t\t\t\tborder-color: #65bc7b !important;\n\t\t\t\t\t\t}<\/style><div class=\"fusion-clearfix\"><\/div><\/div><\/div><style type=\"text\/css\">.fusion-body .fusion-builder-column-0{width:100% !important;margin-top : 0px;margin-bottom : 20px;}.fusion-builder-column-0 > .fusion-column-wrapper {padding-top : 0px !important;padding-right : 0px !important;margin-right : 1.92%;padding-bottom : 0px !important;padding-left : 0px !important;margin-left : 1.92%;}@media only screen and (max-width:1024px) {.fusion-body .fusion-builder-column-0{width:100% !important;order : 0;}.fusion-builder-column-0 > .fusion-column-wrapper {margin-right : 1.92%;margin-left : 1.92%;}}@media only screen and (max-width:640px) {.fusion-body .fusion-builder-column-0{width:100% !important;order : 0;}.fusion-builder-column-0 > .fusion-column-wrapper {margin-right : 1.92%;margin-left : 1.92%;}}<\/style><\/div><\/div><style type=\"text\/css\">.fusion-body .fusion-flex-container.fusion-builder-row-1{ padding-top : 0px;margin-top : 0px;padding-right : 0px;padding-bottom : 0px;margin-bottom : 0px;padding-left : 0px;}<\/style><\/div>\n","protected":false},"excerpt":{"rendered":"","protected":false},"author":1,"featured_media":0,"parent":0,"menu_order":0,"comment_status":"closed","ping_status":"closed","template":"100-width.php","meta":[],"_links":{"self":[{"href":"https:\/\/elbosquero.com\/ca\/wp-json\/wp\/v2\/pages\/2039"}],"collection":[{"href":"https:\/\/elbosquero.com\/ca\/wp-json\/wp\/v2\/pages"}],"about":[{"href":"https:\/\/elbosquero.com\/ca\/wp-json\/wp\/v2\/types\/page"}],"author":[{"embeddable":true,"href":"https:\/\/elbosquero.com\/ca\/wp-json\/wp\/v2\/users\/1"}],"replies":[{"embeddable":true,"href":"https:\/\/elbosquero.com\/ca\/wp-json\/wp\/v2\/comments?post=2039"}],"version-history":[{"count":5,"href":"https:\/\/elbosquero.com\/ca\/wp-json\/wp\/v2\/pages\/2039\/revisions"}],"predecessor-version":[{"id":4506,"href":"https:\/\/elbosquero.com\/ca\/wp-json\/wp\/v2\/pages\/2039\/revisions\/4506"}],"wp:attachment":[{"href":"https:\/\/elbosquero.com\/ca\/wp-json\/wp\/v2\/media?parent=2039"}],"curies":[{"name":"wp","href":"https:\/\/api.w.org\/{rel}","templated":true}]}}