{"id":2040,"date":"2017-11-10T10:35:29","date_gmt":"2017-11-10T10:35:29","guid":{"rendered":"https:\/\/elbosquero.com\/que-visitar\/"},"modified":"2023-07-27T22:29:07","modified_gmt":"2023-07-27T20:29:07","slug":"what-to-see","status":"publish","type":"page","link":"https:\/\/elbosquero.com\/en\/what-to-see\/","title":{"rendered":"What to see?"},"content":{"rendered":"<div class=\"fusion-fullwidth fullwidth-box fusion-builder-row-1 fusion-flex-container nonhundred-percent-fullwidth non-hundred-percent-height-scrolling\" style=\"background-color: rgba(255,255,255,0);background-position: center center;background-repeat: no-repeat;border-width: 0px 0px 0px 0px;border-color:#e2e2e2;border-style:solid;\" ><div class=\"fusion-builder-row fusion-row fusion-flex-align-items-flex-start\" style=\"max-width:1248px;margin-left: calc(-4% \/ 2 );margin-right: calc(-4% \/ 2 );\"><div class=\"fusion-layout-column fusion_builder_column fusion-builder-column-0 fusion_builder_column_1_1 1_1 fusion-flex-column\"><div class=\"fusion-column-wrapper fusion-flex-justify-content-flex-start fusion-content-layout-column\" style=\"background-position:left top;background-repeat:no-repeat;-webkit-background-size:cover;-moz-background-size:cover;-o-background-size:cover;background-size:cover;padding: 0px 0px 0px 0px;\"><div class=\"fusion-content-boxes content-boxes columns row fusion-columns-2 fusion-columns-total-11 fusion-content-boxes-1 content-boxes-timeline-horizontal content-left content-boxes-icon-on-top content-boxes-timeline-layout fusion-delayed-animation\" data-animation-delay=\"350\" data-animationOffset=\"top-into-view\" style=\"margin-top:;margin-bottom:10px;\"><style type=\"text\/css\">.fusion-content-boxes-1 .heading .content-box-heading {color:#212934;}\n\t\t\t\t\t.fusion-content-boxes-1 .fusion-content-box-hover .link-area-link-icon-hover .heading .content-box-heading,\n\t\t\t\t\t.fusion-content-boxes-1 .fusion-content-box-hover .link-area-link-icon-hover .heading .heading-link .content-box-heading,\n\t\t\t\t\t.fusion-content-boxes-1 .fusion-content-box-hover .link-area-box-hover .heading .content-box-heading,\n\t\t\t\t\t.fusion-content-boxes-1 .fusion-content-box-hover .link-area-box-hover .heading .heading-link .content-box-heading,\n\t\t\t\t\t.fusion-content-boxes-1 .fusion-content-box-hover .link-area-link-icon-hover.link-area-box .fusion-read-more,\n\t\t\t\t\t.fusion-content-boxes-1 .fusion-content-box-hover .link-area-link-icon-hover.link-area-box .fusion-read-more::after,\n\t\t\t\t\t.fusion-content-boxes-1 .fusion-content-box-hover .link-area-link-icon-hover.link-area-box .fusion-read-more::before,\n\t\t\t\t\t.fusion-content-boxes-1 .fusion-content-box-hover .fusion-read-more:hover:after,\n\t\t\t\t\t.fusion-content-boxes-1 .fusion-content-box-hover .fusion-read-more:hover:before,\n\t\t\t\t\t.fusion-content-boxes-1 .fusion-content-box-hover .fusion-read-more:hover,\n\t\t\t\t\t.fusion-content-boxes-1 .fusion-content-box-hover .link-area-box-hover.link-area-box .fusion-read-more,\n\t\t\t\t\t.fusion-content-boxes-1 .fusion-content-box-hover .link-area-box-hover.link-area-box .fusion-read-more::after,\n\t\t\t\t\t.fusion-content-boxes-1 .fusion-content-box-hover .link-area-box-hover.link-area-box .fusion-read-more::before,\n\t\t\t\t\t.fusion-content-boxes-1 .fusion-content-box-hover .link-area-link-icon-hover .icon .circle-no,\n\t\t\t\t\t.fusion-content-boxes-1 .heading .heading-link:hover .content-box-heading {\n\t\t\t\t\t\tcolor: #65bc7b;\n\t\t\t\t\t}\n\t\t\t\t\t.fusion-content-boxes-1 .fusion-content-box-hover .link-area-box-hover .icon .circle-no {\n\t\t\t\t\t\tcolor: #65bc7b !important;\n\t\t\t\t\t}.fusion-content-boxes-1 .fusion-content-box-hover .link-area-box.link-area-box-hover .fusion-content-box-button {background: #ffffff;color: #333333;}.fusion-content-boxes-1 .fusion-content-box-hover .link-area-box.link-area-box-hover .fusion-content-box-button .fusion-button-text {color: #333333;}\n\t\t\t\t\t.fusion-content-boxes-1 .fusion-content-box-hover .link-area-link-icon-hover .heading .icon > span {\n\t\t\t\t\t\tbackground-color: #65bc7b !important;\n\t\t\t\t\t}\n\t\t\t\t\t.fusion-content-boxes-1 .fusion-content-box-hover .link-area-box-hover .heading .icon > span {\n\t\t\t\t\t\tborder-color: #65bc7b !important;\n\t\t\t\t\t}<\/style><div class=\"fusion-column content-box-column content-box-column content-box-column-1 col-lg-6 col-md-6 col-sm-6 fusion-content-box-hover content-box-column-first-in-row\"><div class=\"col content-box-wrapper content-wrapper link-area-box content-icon-wrapper-yes icon-hover-animation-fade fusion-animated\" style=\"background-color:rgba(255,255,255,0);\" data-animationType=\"fadeIn\" data-animationDuration=\"0.25\" data-animationOffset=\"top-into-view\"><div class=\"heading heading-with-icon icon-left\"><div aria-hidden=\"true\" class=\"image\"><img src=\"https:\/\/elbosquero.com\/wp-content\/uploads\/2023\/07\/gorg-1-1024x680.jpeg\" width=\"1024\" height=\"680\" alt=\"\" \/><\/div><h2 class=\"content-box-heading\" style=\"font-size:24px;line-height:29px;\">GORGES OF LES PLANES D'HOSTOLES<\/h2><\/div><div class=\"fusion-clearfix\"><\/div><div class=\"content-container\" style=\"color:#4a4e57;\">\n<p><strong>2km from El Bosquer\u00f3 \/ El Mirador<\/strong><\/p>\n<p>Discover the natural beauty of Pozas de les Planes d&#8217;Hostoles, a hidden paradise in the region of La Garrotxa. This enchanting set of waterfalls and pools on the Brugent River invites you to immerse yourself in a dream setting.<\/p>\n<p>With its peaceful and picturesque setting, the pools are an ideal destination for nature lovers and hikers. Enjoy the serenity of the flowing water and the surrounding lush greenery.<\/p>\n<\/div><\/div><\/div><div class=\"fusion-column content-box-column content-box-column content-box-column-2 col-lg-6 col-md-6 col-sm-6 fusion-content-box-hover content-box-column-last-in-row\"><div class=\"col content-box-wrapper content-wrapper link-area-box content-icon-wrapper-yes icon-hover-animation-fade fusion-animated\" style=\"background-color:rgba(255,255,255,0);\" data-animationType=\"fadeIn\" data-animationDuration=\"0.25\" data-animationOffset=\"top-into-view\"><div class=\"heading heading-with-icon icon-left\"><div aria-hidden=\"true\" class=\"image\"><img src=\"https:\/\/elbosquero.com\/wp-content\/uploads\/2023\/07\/roure-e1690311019312-1024x685.jpeg\" width=\"1024\" height=\"685\" alt=\"\" \/><\/div><h2 class=\"content-box-heading\" style=\"font-size:24px;line-height:29px;\">THE OAK OF LA XORIGUERA<\/h2><\/div><div class=\"fusion-clearfix\"><\/div><div class=\"content-container\" style=\"color:#4a4e57;\">\n<p><strong>3km from El Bosquer\u00f3 \/ El Mirador<\/strong><\/p>\n<p>Discover the grandeur of the Roble de La Xoriguera, a natural treasure in les Planes d&#8217;Hostoles. This majestic hundred-year-old tree stands as a symbol of the beauty and history of the region.<\/p>\n<p>Its unique presence and its location in an enchanting setting, surrounded by lush vegetation and close to the Brugent River, make this tree a must-stop for nature lovers and photography aficionados.<\/p>\n<\/div><\/div><\/div><div class=\"fusion-column content-box-column content-box-column content-box-column-3 col-lg-6 col-md-6 col-sm-6 fusion-content-box-hover content-box-column-first-in-row\"><div class=\"col content-box-wrapper content-wrapper-background link-area-box content-icon-wrapper-yes icon-hover-animation-fade fusion-animated\" style=\"background-color:#ffffff;\" data-animationType=\"fadeIn\" data-animationDuration=\"0.25\" data-animationOffset=\"top-into-view\"><div class=\"heading heading-with-icon icon-left\"><div aria-hidden=\"true\" class=\"image\"><img src=\"https:\/\/elbosquero.com\/wp-content\/uploads\/2017\/12\/Besalu\u0301.jpg\" width=\"1500\" height=\"1120\" alt=\"\" \/><\/div><h2 class=\"content-box-heading\" style=\"font-size:24px;line-height:29px;\">BESAL\u00da<\/h2><\/div><div class=\"fusion-clearfix\"><\/div><div class=\"content-container\" style=\"color:#4a4e57;\">\n<p><strong>At 30km from El Bosquer\u00f3 \/ El Mirador<\/strong><\/p>\n<p>Thanks to the countless historical heritage and its excellent conservation, Besal\u00fa has become one of the unmissable tourist destinations in Spain. The extraordinary landscape of the region of La Garrotxa where Besal\u00fa is located, is also one of the seductive incentives. The town monuments form a historical complex which shows the influence of the cultural changes in the territory through the centuries. The county town is&nbsp;part&nbsp;of the&nbsp;Spanish network&nbsp;of&nbsp;Jewish&nbsp;towns that attempt to keep alive the&nbsp;memory&nbsp;of the&nbsp;Jewish past of&nbsp;medieval Spain.&nbsp;The mikveh (Micv\u00e9 in Catalan) is an interesting medieval Jewish baths in very good condition; it was practically untouched and unseen for centuries as it had been buried and built over, and was only rediscovered in the 20th century. It is one of the very few medieval mikvehs that have been found in Europe, so is well worth a visit.<br \/>\nYou can enjoy this historical richness from the Besal\u00fa tourist office, where you will be informed about the guided tours and the many activities offered by the Villa Condal.<\/p>\n<\/div><\/div><\/div><div class=\"fusion-column content-box-column content-box-column content-box-column-4 col-lg-6 col-md-6 col-sm-6 fusion-content-box-hover content-box-column-last-in-row\"><div class=\"col content-box-wrapper content-wrapper-background link-area-box content-icon-wrapper-yes icon-hover-animation-fade fusion-animated\" style=\"background-color:#ffffff;\" data-animationType=\"fadeIn\" data-animationDuration=\"0.25\" data-animationOffset=\"top-into-view\"><div class=\"heading heading-with-icon icon-left\"><div aria-hidden=\"true\" class=\"image\"><img src=\"https:\/\/elbosquero.com\/wp-content\/uploads\/2017\/12\/Barcelona-2.jpg\" width=\"1500\" height=\"1091\" alt=\"\" \/><\/div><h2 class=\"content-box-heading\" style=\"font-size:24px;line-height:29px;\">BARCELONA<\/h2><\/div><div class=\"fusion-clearfix\"><\/div><div class=\"content-container\" style=\"color:#4a4e57;\">\n<p><strong>At 115km from El Bosquer\u00f3 \/ El Mirador<\/strong><\/p>\n<p>Barcelona has the character of the Mediterranean cities: dynamic and open, with countless leisure activities, the city invites you to wander around and enjoy. Barcelona has a lifestyle that makes it unique. Cradle of many cultures and witness of great transformations, the history of Barcelona is fascinating.<\/p>\n<p>The sea breeze gets the weather in Barcelona normally pleasant. Extensive hours to buy, to eat and to enjoy yourselves! Know a little bit more about Barcelona!<\/p>\n<\/div><\/div><\/div><div class=\"fusion-column content-box-column content-box-column content-box-column-5 col-lg-6 col-md-6 col-sm-6 fusion-content-box-hover content-box-column-first-in-row\"><div class=\"col content-box-wrapper content-wrapper-background link-area-box content-icon-wrapper-yes icon-hover-animation-fade fusion-animated\" style=\"background-color:#ffffff;\" data-animationType=\"fadeIn\" data-animationDuration=\"0.25\" data-animationOffset=\"top-into-view\"><div class=\"heading heading-with-icon icon-left\"><div aria-hidden=\"true\" class=\"image\"><img src=\"https:\/\/elbosquero.com\/wp-content\/uploads\/2017\/12\/Zona-volca\u0300nica-Garrotxa.jpg\" width=\"1400\" height=\"933\" alt=\"\" \/><\/div><h2 class=\"content-box-heading\" style=\"font-size:24px;line-height:29px;\">VOLCANIC ZONE IN LA GARROTXA<\/h2><\/div><div class=\"fusion-clearfix\"><\/div><div class=\"content-container\" style=\"color:#4a4e57;\">\n<p><strong>At 20km from El Bosquer\u00f3 \/ El Mirador<\/strong><\/p>\n<p>The Volcanic Zone of La Garrotxa is the best exponent of the volcanic landscape of the Iberian Peninsula. It has around 40 volcanic cones and more than 20 lava flows. The orography, the soil and the climate provide a varied vegetation, often lush, with oak and beech groves of exceptional landscaping value.<\/p>\n<p>In the Natural Park of the Volcanic Zone of the Garrotxa there are 28 pedestrian itineraries (access to the viewpoint) that pass through the most interesting places of the Natural Park. Most of them are signposted, except some of the longest ones that, if you are used to it, can be easily followed with the help of the Natural Park guide. &nbsp;The Natural Park has an extensive range of activities.<\/p>\n<\/div><\/div><\/div><div class=\"fusion-column content-box-column content-box-column content-box-column-6 col-lg-6 col-md-6 col-sm-6 fusion-content-box-hover content-box-column-last-in-row\"><div class=\"col content-box-wrapper content-wrapper-background link-area-box content-icon-wrapper-yes icon-hover-animation-fade fusion-animated\" style=\"background-color:#ffffff;\" data-animationType=\"fadeIn\" data-animationDuration=\"0.25\" data-animationOffset=\"top-into-view\"><div class=\"heading heading-with-icon icon-left\"><div aria-hidden=\"true\" class=\"image\"><img src=\"https:\/\/elbosquero.com\/wp-content\/uploads\/2017\/12\/Les-Planes-dHostoles-2.jpg\" width=\"1500\" height=\"1125\" alt=\"\" \/><\/div><h2 class=\"content-box-heading\" style=\"font-size:24px;line-height:29px;\">LES PLANES D'HOSTOLES<\/h2><\/div><div class=\"fusion-clearfix\"><\/div><div class=\"content-container\" style=\"color:#4a4e57;\">\n<p><strong>At 700m from El Bosquer\u00f3 \/ El Mirador<\/strong><\/p>\n<p>Les Planes d\u2019Hostoles is located at the entrance to the Natural Park of the Volcanic Zone of La Garrotxa (Girona). It is the most important volcanic zone of the Iberian peninsula. Nature in all its splendor with its forests of oaks and beech trees, puddles and waterfalls, rivers and streams. The town has everything you need to make your stay an unforgettable memory: charming corners, direct access to the bike-lane (Olot-Girona) and essential services such as supermarkets, fishmongers, butchers, pharmacies, public transport, and restaurants.<\/p>\n<\/div><\/div><\/div><div class=\"fusion-column content-box-column content-box-column content-box-column-7 col-lg-6 col-md-6 col-sm-6 fusion-content-box-hover content-box-column-first-in-row\"><div class=\"col content-box-wrapper content-wrapper-background link-area-box content-icon-wrapper-yes icon-hover-animation-fade fusion-animated\" style=\"background-color:#ffffff;\" data-animationType=\"fadeIn\" data-animationDuration=\"0.25\" data-animationOffset=\"top-into-view\"><div class=\"heading heading-with-icon icon-left\"><div aria-hidden=\"true\" class=\"image\"><img src=\"https:\/\/elbosquero.com\/wp-content\/uploads\/2023\/07\/foto-web-fageda-karina-e1690311143216-1.jpeg\" width=\"960\" height=\"720\" alt=\"\" \/><\/div><h2 class=\"content-box-heading\" style=\"font-size:24px;line-height:29px;\">LA FAGEDA D'EN JORD\u00c0<\/h2><\/div><div class=\"fusion-clearfix\"><\/div><div class=\"content-container\" style=\"color:#4a4e57;\">\n<p><strong>At 20km from El Bosquer\u00f3 \/ El Mirador<\/strong><\/p>\n<p>La Fageda d\u2019en Jord\u00e0 is a natural reserve that includes a forest of beech trees with unique characteristics in Spain, as it grows on a relatively flat terrain formed by a lava flow from the Croscat volcano at 550 and 650m above sea level, an altitude not frequent in the Iberian Peninsula for this type of trees,. It has an extension of about 4.8 km2 and is full of lava\u2019s prominences that can reach more than 20 m in height, called \u201ctossols\u201d.<\/p>\n<p>The beech grove is famous because the poet Joan Maragall wrote a well-known poem in its honor :\u201dLa Fageda d\u2019en Jord\u00e0\u201d. In the main entrance of the grove, in the km 4 of the road from Olot to Santa Pau where the parking of Can Serra is, there is a monolith in his honor.<\/p>\n<p>In the forest the use of motor vehicles is prohibited. However, there are several routes on foot and you can rent a horse or an old horse-drawn carriage at km 7 from the road from Olot to Santa Pau.<\/p>\n<\/div><\/div><\/div><div class=\"fusion-column content-box-column content-box-column content-box-column-8 col-lg-6 col-md-6 col-sm-6 fusion-content-box-hover content-box-column-last-in-row\"><div class=\"col content-box-wrapper content-wrapper-background link-area-box content-icon-wrapper-yes icon-hover-animation-fade fusion-animated\" style=\"background-color:#ffffff;\" data-animationType=\"fadeIn\" data-animationDuration=\"0.25\" data-animationOffset=\"top-into-view\"><div class=\"heading heading-with-icon icon-left\"><div aria-hidden=\"true\" class=\"image\"><img src=\"https:\/\/elbosquero.com\/wp-content\/uploads\/2017\/12\/Vol-de-coloms.jpg\" width=\"1500\" height=\"1125\" alt=\"\" \/><\/div><h2 class=\"content-box-heading\" style=\"font-size:24px;line-height:29px;\">HOSTALETS D'EN BAS<\/h2><\/div><div class=\"fusion-clearfix\"><\/div><div class=\"content-container\" style=\"color:#4a4e57;\">\n<p><strong>At 16km from El Bosquer\u00f3 \/ El Mirador<\/strong><\/p>\n<p>Around a hostel, as the place name describes, and at the foot of the old royal road that went from Olot to Vic it originated one of the most picturesque nuclei in the region. The Hostalets from its beginnings in the 18th century, has experienced moderate and sustained growth. Its remarkable urban features retain the original and autochthonous richness of this place. One of the most beautiful and well-known images of the town, that painters and photographers have immortalized throughout history, is Teixeda Street. It stands out for the houses with the corresponding eras in front, well restored and aligned side by side. If the visit is done in spring or summer, the long wooden balconies show hundreds of flower pots with geraniums and other flowers, thus forming a kind of urban garden with remarkable visual impact; meritorious events that have allowed the town of Hostalets to be cataloged as a historical-artistic site.<\/p>\n<\/div><\/div><\/div><div class=\"fusion-column content-box-column content-box-column content-box-column-9 col-lg-6 col-md-6 col-sm-6 fusion-content-box-hover content-box-column-first-in-row\"><div class=\"col content-box-wrapper content-wrapper-background link-area-box content-icon-wrapper-yes icon-hover-animation-fade fusion-animated\" style=\"background-color:#ffffff;\" data-animationType=\"fadeIn\" data-animationDuration=\"0.25\" data-animationOffset=\"top-into-view\"><div class=\"heading heading-with-icon icon-left\"><div aria-hidden=\"true\" class=\"image\"><img src=\"https:\/\/elbosquero.com\/wp-content\/uploads\/2017\/12\/Banyoles.jpg\" width=\"1500\" height=\"1004\" alt=\"\" \/><\/div><h2 class=\"content-box-heading\" style=\"font-size:24px;line-height:29px;\">BANYOLES LAKE<\/h2><\/div><div class=\"fusion-clearfix\"><\/div><div class=\"content-container\" style=\"color:#4a4e57;\">\n<p><strong>At 45km from El Bosquer\u00f3 \/ El Mirador<\/strong><\/p>\n<p>The lake of Banyoles (en catal\u00e1n, L\u2019Estany de Banyoles), located in the province of Girona, is the largest lake in Catalonia. It is the main symbol of the city of Banyoles. The lake and its lake basin are considered the most extensive karstic complex of Spain, constituting an environmental system of remarkable value.<\/p>\n<p>Located in the west of the municipal district of Banyoles, it was declared as an integral part of the Plan of Natural Interest Areas by the Catalan Government. In 2003, the lake was included in the Ramsar list (the list of Wetlands of International Importance) and many people requested to consider it as a Natural Park.<\/p>\n<\/div><\/div><\/div><div class=\"fusion-column content-box-column content-box-column content-box-column-10 col-lg-6 col-md-6 col-sm-6 fusion-content-box-hover content-box-column-last-in-row\"><div class=\"col content-box-wrapper content-wrapper-background link-area-box content-icon-wrapper-yes icon-hover-animation-fade fusion-animated\" style=\"background-color:#ffffff;\" data-animationType=\"fadeIn\" data-animationDuration=\"0.25\" data-animationOffset=\"top-into-view\"><div class=\"heading heading-with-icon icon-left\"><div aria-hidden=\"true\" class=\"image\"><img src=\"https:\/\/elbosquero.com\/wp-content\/uploads\/2022\/03\/costa-brava-new.jpg\" width=\"1200\" height=\"800\" alt=\"\" \/><\/div><h2 class=\"content-box-heading\" style=\"font-size:24px;line-height:29px;\">THE COSTA BRAVA<\/h2><\/div><div class=\"fusion-clearfix\"><\/div><div class=\"content-container\" style=\"color:#4a4e57;\">\n<p><strong>At 60km from El Bosquer\u00f3 \/ El Mirador<\/strong><\/p>\n<p>The Costa Brava is an inexhaustible cluster of landscapes, beaches, towns, sensations, people and possibilities. Through its 214 km of coastline we will find natural reserves such as the Cap de Creus or the Medes Islands; villages that retain the seafaring charm that made them be visited by legendary characters such as Cadaqu\u00e9s or the Port de la Selva; tourist centers such as Roses or Platja d\u2019Aro, and different towns such as Calella de Palafrugell or Llafranc that make people come back year after year. We invite the visitor to know the Costa Brava!<\/p>\n<\/div><\/div><\/div><div class=\"fusion-column content-box-column content-box-column content-box-column-11 col-lg-6 col-md-6 col-sm-6 fusion-content-box-hover content-box-column-first-in-row content-box-column-last\"><div class=\"col content-box-wrapper content-wrapper-background link-area-box content-icon-wrapper-yes icon-hover-animation-fade fusion-animated\" style=\"background-color:#ffffff;\" data-animationType=\"fadeIn\" data-animationDuration=\"0.25\" data-animationOffset=\"top-into-view\"><div class=\"heading heading-with-icon icon-left\"><div aria-hidden=\"true\" class=\"image\"><img src=\"https:\/\/elbosquero.com\/wp-content\/uploads\/2017\/12\/Girona.jpg\" width=\"1500\" height=\"988\" alt=\"\" \/><\/div><h2 class=\"content-box-heading\" style=\"font-size:24px;line-height:29px;\">GIRONA<\/h2><\/div><div class=\"fusion-clearfix\"><\/div><div class=\"content-container\" style=\"color:#4a4e57;\">\n<p><em><strong>A 30km de El Bosquer\u00f3 \/ El Mirador<\/strong><\/em><\/p>\n<p>Girona tiene todo el encanto de las grandes ciudades, pero sin multitudes; una ciudad hecha a medida humana para distraerse en todas las vertientes: calles, fiestas, oferta cultural, restaurantes, servicios tur\u00edsticos, acontecimientos, festivales\u2026 Aprov\u00e9chese de ello en cualquier momento del a\u00f1o y, si puede, venga m\u00e1s de una vez, porque es una ciudad viva y siempre tiene sorpresas para ofrecerle.<\/p>\n<p>En Girona puede hacer de todo. La ciudad, un gran escenario que recoge siglos de historia con monumentos espectaculares, le invita a perderse en ella con un paseo por el&nbsp;<em>Barri Vell.<\/em>&nbsp;Tambi\u00e9n tiene una vida intensa, con acontecimientos de fuerte particularidad cada mes del a\u00f1o. Adem\u00e1s, Girona es hoy en d\u00eda un foco de producci\u00f3n cultural con una reconocida programaci\u00f3n estable de teatro y m\u00fasica. Y si lo que quiere es hacer deporte, tanto la ciudad como las comarcas de su entorno le ponen a disposici\u00f3n todos los medios para practicar lo que quiera. De todo. Girona le da esta posibilidad.<\/p>\n<\/div><\/div><\/div><style type=\"text\/css\">\n\t\t\t\t\t\t.fusion-content-boxes-1 .fusion-content-box-hover .heading-link:hover .icon i.circle-yes,\n\t\t\t\t\t\t.fusion-content-boxes-1 .fusion-content-box-hover .link-area-box:hover .heading-link .icon i.circle-yes,\n\t\t\t\t\t\t.fusion-content-boxes-1 .fusion-content-box-hover .link-area-link-icon-hover .heading .icon i.circle-yes,\n\t\t\t\t\t\t.fusion-content-boxes-1 .fusion-content-box-hover .link-area-box-hover .heading .icon i.circle-yes {\n\t\t\t\t\t\t\tbackground-color: #65bc7b !important;\n\t\t\t\t\t\t\tborder-color: #65bc7b !important;\n\t\t\t\t\t\t}<\/style><div class=\"fusion-clearfix\"><\/div><\/div><\/div><style type=\"text\/css\">.fusion-body .fusion-builder-column-0{width:100% !important;margin-top : 0px;margin-bottom : 20px;}.fusion-builder-column-0 > .fusion-column-wrapper {padding-top : 0px !important;padding-right : 0px !important;margin-right : 1.92%;padding-bottom : 0px !important;padding-left : 0px !important;margin-left : 1.92%;}@media only screen and (max-width:1024px) {.fusion-body .fusion-builder-column-0{width:100% !important;order : 0;}.fusion-builder-column-0 > .fusion-column-wrapper {margin-right : 1.92%;margin-left : 1.92%;}}@media only screen and (max-width:640px) {.fusion-body .fusion-builder-column-0{width:100% !important;order : 0;}.fusion-builder-column-0 > .fusion-column-wrapper {margin-right : 1.92%;margin-left : 1.92%;}}<\/style><\/div><\/div><style type=\"text\/css\">.fusion-body .fusion-flex-container.fusion-builder-row-1{ padding-top : 0px;margin-top : 0px;padding-right : 0px;padding-bottom : 0px;margin-bottom : 0px;padding-left : 0px;}<\/style><\/div>\n","protected":false},"excerpt":{"rendered":"","protected":false},"author":1,"featured_media":0,"parent":0,"menu_order":0,"comment_status":"closed","ping_status":"closed","template":"100-width.php","meta":[],"_links":{"self":[{"href":"https:\/\/elbosquero.com\/en\/wp-json\/wp\/v2\/pages\/2040"}],"collection":[{"href":"https:\/\/elbosquero.com\/en\/wp-json\/wp\/v2\/pages"}],"about":[{"href":"https:\/\/elbosquero.com\/en\/wp-json\/wp\/v2\/types\/page"}],"author":[{"embeddable":true,"href":"https:\/\/elbosquero.com\/en\/wp-json\/wp\/v2\/users\/1"}],"replies":[{"embeddable":true,"href":"https:\/\/elbosquero.com\/en\/wp-json\/wp\/v2\/comments?post=2040"}],"version-history":[{"count":7,"href":"https:\/\/elbosquero.com\/en\/wp-json\/wp\/v2\/pages\/2040\/revisions"}],"predecessor-version":[{"id":4507,"href":"https:\/\/elbosquero.com\/en\/wp-json\/wp\/v2\/pages\/2040\/revisions\/4507"}],"wp:attachment":[{"href":"https:\/\/elbosquero.com\/en\/wp-json\/wp\/v2\/media?parent=2040"}],"curies":[{"name":"wp","href":"https:\/\/api.w.org\/{rel}","templated":true}]}}