{"id":1871,"date":"2017-12-20T20:03:18","date_gmt":"2017-12-20T20:03:18","guid":{"rendered":"https:\/\/elbosquero.com\/condiciones-de-uso\/"},"modified":"2023-07-27T12:57:41","modified_gmt":"2023-07-27T10:57:41","slug":"conditions-utilisation","status":"publish","type":"page","link":"https:\/\/elbosquero.com\/fr\/conditions-utilisation\/","title":{"rendered":"Conditions d&rsquo;utilisation"},"content":{"rendered":"<p>L&rsquo;utilisation de cette publication num\u00e9rique implique l&rsquo;acceptation des conditions d&rsquo;utilisation suivantes :<\/p>\n<p>La publication num\u00e9rique d&rsquo;EL BOSQUERO CB vise \u00e0 fournir \u00e0 nos clients et au grand public des informations sur l&rsquo;entreprise et les produits et services propos\u00e9s.<\/p>\n<p>EL BOSQUERO CB ne s&rsquo;engage pas \u00e0 mettre \u00e0 jour imm\u00e9diatement les informations contenues dans la publication num\u00e9rique.<\/p>\n<p>EL BOSQUERO CB n&rsquo;assume aucune responsabilit\u00e9 d\u00e9riv\u00e9e du contenu que des tiers ont dans les liens ou les liens auxquels il est fait r\u00e9f\u00e9rence dans ces pages.<\/p>\n<p>EL BOSQUERO CB n&rsquo;est pas responsable de tout dommage ou blessure au logiciel ou au mat\u00e9riel de l&rsquo;utilisateur, r\u00e9sultant de l&rsquo;acc\u00e8s \u00e0 sa publication num\u00e9rique ou de l&rsquo;utilisation des informations ou applications qu&rsquo;elle contient.<\/p>\n<p>EL BOSQUERO CB d\u00e9tient tous les droits sur le logiciel de la publication num\u00e9rique ainsi que les droits de propri\u00e9t\u00e9 industrielle et intellectuelle li\u00e9s aux contenus qui y sont inclus, \u00e0 l&rsquo;exception des droits sur les produits et services publics qui ne sont pas la propri\u00e9t\u00e9 de cette soci\u00e9t\u00e9, dont les marques sont d\u00e9pos\u00e9es au profit de leurs titulaires respectifs, et reconnues comme telles par EL BOSQUERO CB. Aucun mat\u00e9riel de cette publication num\u00e9rique ne peut \u00eatre reproduit, copi\u00e9 ou publi\u00e9 sans le consentement \u00e9crit d&rsquo;EL BOSQUERO CB.<\/p>\n<p>EL BOSQUERO CB respectera scrupuleusement la confidentialit\u00e9 des donn\u00e9es personnelles fournies par les utilisateurs de la publication num\u00e9rique, en respectant la r\u00e9glementation en vigueur sur la protection des donn\u00e9es, et entre autres, ce qui est pr\u00e9vu par la loi organique 15\/1999, du 13 d\u00e9cembre, Protection de Donn\u00e9es Personnelles.<\/p>\n<p>Le courrier \u00e9lectronique ne sera pas consid\u00e9r\u00e9 comme un support valable aux fins de soumettre des r\u00e9clamations. Pour cela, il faudra se rendre au service client de EL BOSQUERO CB qui vous indiquera dans chaque cas les points \u00e0 suivre.<\/p>\n<p>Toutes les informations re\u00e7ues sur ces pages, telles que commentaires, suggestions ou id\u00e9es, seront consid\u00e9r\u00e9es comme fournies gratuitement \u00e0 EL BOSQUERO CB. Les informations qui NE PEUVENT PAS \u00eatre trait\u00e9es de cette mani\u00e8re ne doivent pas \u00eatre envoy\u00e9es.<\/p>\n<p>Tous les produits et services de ces pages qui N&rsquo;appartiennent PAS \u00e0 EL BOSQUERO CB sont des marques d\u00e9pos\u00e9es de leurs propri\u00e9taires respectifs et sont reconnus comme tels par EL BOSQUERO CB. Ils apparaissent dans cette publication num\u00e9rique \u00e0 des fins de promotion et de collecte d&rsquo;informations. Ces propri\u00e9taires peuvent demander la modification ou la suppression des informations qui leur appartiennent.<\/p>\n<p>Tout type de notification et\/ou r\u00e9clamation ne sera valable que par notification \u00e9crite et\/ou courrier recommand\u00e9.<\/p>\n","protected":false},"excerpt":{"rendered":"<p>L&rsquo;utilisation de cette publication num\u00e9rique implique l&rsquo;acceptation des conditions d&rsquo;utilisation [&hellip;]<\/p>\n","protected":false},"author":1,"featured_media":0,"parent":0,"menu_order":0,"comment_status":"closed","ping_status":"closed","template":"","meta":[],"_links":{"self":[{"href":"https:\/\/elbosquero.com\/fr\/wp-json\/wp\/v2\/pages\/1871"}],"collection":[{"href":"https:\/\/elbosquero.com\/fr\/wp-json\/wp\/v2\/pages"}],"about":[{"href":"https:\/\/elbosquero.com\/fr\/wp-json\/wp\/v2\/types\/page"}],"author":[{"embeddable":true,"href":"https:\/\/elbosquero.com\/fr\/wp-json\/wp\/v2\/users\/1"}],"replies":[{"embeddable":true,"href":"https:\/\/elbosquero.com\/fr\/wp-json\/wp\/v2\/comments?post=1871"}],"version-history":[{"count":1,"href":"https:\/\/elbosquero.com\/fr\/wp-json\/wp\/v2\/pages\/1871\/revisions"}],"predecessor-version":[{"id":4413,"href":"https:\/\/elbosquero.com\/fr\/wp-json\/wp\/v2\/pages\/1871\/revisions\/4413"}],"wp:attachment":[{"href":"https:\/\/elbosquero.com\/fr\/wp-json\/wp\/v2\/media?parent=1871"}],"curies":[{"name":"wp","href":"https:\/\/api.w.org\/{rel}","templated":true}]}}