{"id":2038,"date":"2017-11-10T10:35:29","date_gmt":"2017-11-10T10:35:29","guid":{"rendered":"https:\/\/elbosquero.com\/que-visitar\/"},"modified":"2023-07-27T22:28:45","modified_gmt":"2023-07-27T20:28:45","slug":"que-visiter","status":"publish","type":"page","link":"https:\/\/elbosquero.com\/fr\/que-visiter\/","title":{"rendered":"Que Visiter?"},"content":{"rendered":"<div class=\"fusion-fullwidth fullwidth-box fusion-builder-row-1 fusion-flex-container nonhundred-percent-fullwidth non-hundred-percent-height-scrolling\" style=\"background-color: rgba(255,255,255,0);background-position: center center;background-repeat: no-repeat;border-width: 0px 0px 0px 0px;border-color:#e2e2e2;border-style:solid;\" ><div class=\"fusion-builder-row fusion-row fusion-flex-align-items-flex-start\" style=\"max-width:1248px;margin-left: calc(-4% \/ 2 );margin-right: calc(-4% \/ 2 );\"><div class=\"fusion-layout-column fusion_builder_column fusion-builder-column-0 fusion_builder_column_1_1 1_1 fusion-flex-column\"><div class=\"fusion-column-wrapper fusion-flex-justify-content-flex-start fusion-content-layout-column\" style=\"background-position:left top;background-repeat:no-repeat;-webkit-background-size:cover;-moz-background-size:cover;-o-background-size:cover;background-size:cover;padding: 0px 0px 0px 0px;\"><div class=\"fusion-content-boxes content-boxes columns row fusion-columns-2 fusion-columns-total-11 fusion-content-boxes-1 content-boxes-timeline-horizontal content-left content-boxes-icon-on-top content-boxes-timeline-layout fusion-delayed-animation\" data-animation-delay=\"350\" data-animationOffset=\"top-into-view\" style=\"margin-top:;margin-bottom:10px;\"><style type=\"text\/css\">.fusion-content-boxes-1 .heading .content-box-heading {color:#212934;}\n\t\t\t\t\t.fusion-content-boxes-1 .fusion-content-box-hover .link-area-link-icon-hover .heading .content-box-heading,\n\t\t\t\t\t.fusion-content-boxes-1 .fusion-content-box-hover .link-area-link-icon-hover .heading .heading-link .content-box-heading,\n\t\t\t\t\t.fusion-content-boxes-1 .fusion-content-box-hover .link-area-box-hover .heading .content-box-heading,\n\t\t\t\t\t.fusion-content-boxes-1 .fusion-content-box-hover .link-area-box-hover .heading .heading-link .content-box-heading,\n\t\t\t\t\t.fusion-content-boxes-1 .fusion-content-box-hover .link-area-link-icon-hover.link-area-box .fusion-read-more,\n\t\t\t\t\t.fusion-content-boxes-1 .fusion-content-box-hover .link-area-link-icon-hover.link-area-box .fusion-read-more::after,\n\t\t\t\t\t.fusion-content-boxes-1 .fusion-content-box-hover .link-area-link-icon-hover.link-area-box .fusion-read-more::before,\n\t\t\t\t\t.fusion-content-boxes-1 .fusion-content-box-hover .fusion-read-more:hover:after,\n\t\t\t\t\t.fusion-content-boxes-1 .fusion-content-box-hover .fusion-read-more:hover:before,\n\t\t\t\t\t.fusion-content-boxes-1 .fusion-content-box-hover .fusion-read-more:hover,\n\t\t\t\t\t.fusion-content-boxes-1 .fusion-content-box-hover .link-area-box-hover.link-area-box .fusion-read-more,\n\t\t\t\t\t.fusion-content-boxes-1 .fusion-content-box-hover .link-area-box-hover.link-area-box .fusion-read-more::after,\n\t\t\t\t\t.fusion-content-boxes-1 .fusion-content-box-hover .link-area-box-hover.link-area-box .fusion-read-more::before,\n\t\t\t\t\t.fusion-content-boxes-1 .fusion-content-box-hover .link-area-link-icon-hover .icon .circle-no,\n\t\t\t\t\t.fusion-content-boxes-1 .heading .heading-link:hover .content-box-heading {\n\t\t\t\t\t\tcolor: #65bc7b;\n\t\t\t\t\t}\n\t\t\t\t\t.fusion-content-boxes-1 .fusion-content-box-hover .link-area-box-hover .icon .circle-no {\n\t\t\t\t\t\tcolor: #65bc7b !important;\n\t\t\t\t\t}.fusion-content-boxes-1 .fusion-content-box-hover .link-area-box.link-area-box-hover .fusion-content-box-button {background: #ffffff;color: #333333;}.fusion-content-boxes-1 .fusion-content-box-hover .link-area-box.link-area-box-hover .fusion-content-box-button .fusion-button-text {color: #333333;}\n\t\t\t\t\t.fusion-content-boxes-1 .fusion-content-box-hover .link-area-link-icon-hover .heading .icon > span {\n\t\t\t\t\t\tbackground-color: #65bc7b !important;\n\t\t\t\t\t}\n\t\t\t\t\t.fusion-content-boxes-1 .fusion-content-box-hover .link-area-box-hover .heading .icon > span {\n\t\t\t\t\t\tborder-color: #65bc7b !important;\n\t\t\t\t\t}<\/style><div class=\"fusion-column content-box-column content-box-column content-box-column-1 col-lg-6 col-md-6 col-sm-6 fusion-content-box-hover content-box-column-first-in-row\"><div class=\"col content-box-wrapper content-wrapper link-area-box content-icon-wrapper-yes icon-hover-animation-fade fusion-animated\" style=\"background-color:rgba(255,255,255,0);\" data-animationType=\"fadeIn\" data-animationDuration=\"0.25\" data-animationOffset=\"top-into-view\"><div class=\"heading heading-with-icon icon-left\"><div aria-hidden=\"true\" class=\"image\"><img src=\"https:\/\/elbosquero.com\/wp-content\/uploads\/2023\/07\/gorg-1024x680.jpeg\" width=\"1024\" height=\"680\" alt=\"\" \/><\/div><h2 class=\"content-box-heading\" style=\"font-size:24px;line-height:29px;\">GORGES DES PLANES D'HOSTOLES<\/h2><\/div><div class=\"fusion-clearfix\"><\/div><div class=\"content-container\" style=\"color:#4a4e57;\">\n<p><strong>\u00c0 2 km de El Bosquer\u00f3 \/ El Mirador<\/strong><\/p>\n<p>D\u00e9couvrez la beaut\u00e9 naturelle de Pozas de les Planes d&rsquo;Hostoles, un paradis cach\u00e9 dans la r\u00e9gion de La Garrotxa. Cet ensemble enchanteur de cascades et de bassins sur la rivi\u00e8re Brugent vous invite \u00e0 vous immerger dans un d\u00e9cor de r\u00eave.<\/p>\n<p>Avec son cadre paisible et pittoresque, les piscines sont une destination id\u00e9ale pour les amoureux de la nature et les randonneurs. Profitez de la s\u00e9r\u00e9nit\u00e9 de l&rsquo;eau qui coule et de la v\u00e9g\u00e9tation luxuriante environnante<\/p>\n<\/div><\/div><\/div><div class=\"fusion-column content-box-column content-box-column content-box-column-2 col-lg-6 col-md-6 col-sm-6 fusion-content-box-hover content-box-column-last-in-row\"><div class=\"col content-box-wrapper content-wrapper link-area-box content-icon-wrapper-yes icon-hover-animation-fade fusion-animated\" style=\"background-color:rgba(255,255,255,0);\" data-animationType=\"fadeIn\" data-animationDuration=\"0.25\" data-animationOffset=\"top-into-view\"><div class=\"heading heading-with-icon icon-left\"><div aria-hidden=\"true\" class=\"image\"><img src=\"https:\/\/elbosquero.com\/wp-content\/uploads\/2023\/07\/roure-e1690311019312-1024x685-1.jpeg\" width=\"1024\" height=\"685\" alt=\"\" \/><\/div><h2 class=\"content-box-heading\" style=\"font-size:24px;line-height:29px;\">LE CH\u00caNE DE LA XORIGUERA<\/h2><\/div><div class=\"fusion-clearfix\"><\/div><div class=\"content-container\" style=\"color:#4a4e57;\">\n<p><strong>\u00c0 3 km de El Bosquer\u00f3 \/ El Mirador<\/strong><\/p>\n<p>D\u00e9couvrez la grandeur du Roble de La Xoriguera, un tr\u00e9sor naturel des Planes d&rsquo;Hostoles. Cet arbre centenaire majestueux est le symbole de la beaut\u00e9 et de l&rsquo;histoire de la r\u00e9gion.<\/p>\n<p>Sa pr\u00e9sence unique et sa situation dans un cadre enchanteur, entour\u00e9 d&rsquo;une v\u00e9g\u00e9tation luxuriante et \u00e0 proximit\u00e9 de la rivi\u00e8re Brugent, font de cet arbre une halte incontournable pour les amoureux de la nature et les passionn\u00e9s de photographie.<\/p>\n<\/div><\/div><\/div><div class=\"fusion-column content-box-column content-box-column content-box-column-3 col-lg-6 col-md-6 col-sm-6 fusion-content-box-hover content-box-column-first-in-row\"><div class=\"col content-box-wrapper content-wrapper-background link-area-box content-icon-wrapper-yes icon-hover-animation-fade fusion-animated\" style=\"background-color:#ffffff;\" data-animationType=\"fadeIn\" data-animationDuration=\"0.25\" data-animationOffset=\"top-into-view\"><div class=\"heading heading-with-icon icon-left\"><div aria-hidden=\"true\" class=\"image\"><img src=\"https:\/\/elbosquero.com\/wp-content\/uploads\/2017\/12\/Besalu\u0301.jpg\" width=\"1500\" height=\"1120\" alt=\"\" \/><\/div><h2 class=\"content-box-heading\" style=\"font-size:24px;line-height:29px;\">BESAL\u00da<\/h2><\/div><div class=\"fusion-clearfix\"><\/div><div class=\"content-container\" style=\"color:#4a4e57;\">\n<p><strong>\u00e0 30 Kms du Bosquer\u00f3\/ Mirador<\/strong><\/p>\n<p>Gr\u00e2ce au patrimoine historique incalculable et son excellent \u00e9tat de conservation, Besal\u00fa est devenu l\u2019une des destinations touristiques oblig\u00e9es de l&rsquo;Espagne. Le paysage extraordinaire de la r\u00e9gion de La Garrotxa o\u00f9 se trouve Besal\u00fa, constitue aussi l&rsquo;un des endroits essentiels d\u2019attraction touristique. Les monuments des villages conforment l&rsquo;ensemble historique qui t\u00e9moigne le pas centenaire de diff\u00e9rentes cultures dans le territoire. Besal\u00fa fait partie d\u2019une culture juive r\u00e9pandue dans toute l\u2019Espagne. Ses bains juifs (Micv\u00e9) sont les troisi\u00e8mes qui se trouvent l\u2019Europe \u2026<\/p>\n<p>Vous pouvez profiter de ces tr\u00e9sors historiques depuis le bureau de tourisme de Besal\u00fa, dans lequel vous trouverez de l\u2019information des visites guid\u00e9es et des nombreuses activit\u00e9s que le village comtale vous offre.<\/p>\n<\/div><\/div><\/div><div class=\"fusion-column content-box-column content-box-column content-box-column-4 col-lg-6 col-md-6 col-sm-6 fusion-content-box-hover content-box-column-last-in-row\"><div class=\"col content-box-wrapper content-wrapper-background link-area-box content-icon-wrapper-yes icon-hover-animation-fade fusion-animated\" style=\"background-color:#ffffff;\" data-animationType=\"fadeIn\" data-animationDuration=\"0.25\" data-animationOffset=\"top-into-view\"><div class=\"heading heading-with-icon icon-left\"><div aria-hidden=\"true\" class=\"image\"><img src=\"https:\/\/elbosquero.com\/wp-content\/uploads\/2017\/12\/Barcelona-2.jpg\" width=\"1500\" height=\"1091\" alt=\"\" \/><\/div><h2 class=\"content-box-heading\" style=\"font-size:24px;line-height:29px;\">BARCELONA<\/h2><\/div><div class=\"fusion-clearfix\"><\/div><div class=\"content-container\" style=\"color:#4a4e57;\">\n<p><strong>\u00e0 115 Kms du Bosquer\u00f3\/ Mirador<\/strong><\/p>\n<p>Barcelone a le caract\u00e8re des villes m\u00e9diterran\u00e9ennes : dynamique et ouverte, elle invite au loisir, \u00e0 se promener et \u00e0 jouir. Barcelone a un style d\u2019une vie propre qui la fait unique. C\u2019est un berceau de plusieurs cultures et un t\u00e9moin de grandes transformations : l\u2019histoire de Barcelone est fascinante. La brise marine fait que le climat \u00e0 Barcelone soit normalement agr\u00e9able. Des horaires \u00e9tendus pour acheter, pour manger \u2026 : et aussi pour jouir!<\/p>\n<\/div><\/div><\/div><div class=\"fusion-column content-box-column content-box-column content-box-column-5 col-lg-6 col-md-6 col-sm-6 fusion-content-box-hover content-box-column-first-in-row\"><div class=\"col content-box-wrapper content-wrapper-background link-area-box content-icon-wrapper-yes icon-hover-animation-fade fusion-animated\" style=\"background-color:#ffffff;\" data-animationType=\"fadeIn\" data-animationDuration=\"0.25\" data-animationOffset=\"top-into-view\"><div class=\"heading heading-with-icon icon-left\"><div aria-hidden=\"true\" class=\"image\"><img src=\"https:\/\/elbosquero.com\/wp-content\/uploads\/2017\/12\/Zona-volca\u0300nica-Garrotxa.jpg\" width=\"1400\" height=\"933\" alt=\"\" \/><\/div><h2 class=\"content-box-heading\" style=\"font-size:24px;line-height:29px;\">LA ZONE VOLCANIQUE de LA GARROTXA<\/h2><\/div><div class=\"fusion-clearfix\"><\/div><div class=\"content-container\" style=\"color:#4a4e57;\">\n<p><strong>\u00e0 20 Kms du Bosquer\u00f3<\/strong><\/p>\n<p>La Zone Volcanique de la Garrotxa est le meilleur exposant de paysage volcanique de la P\u00e9ninsule Ib\u00e9rique. Il y a une quarantaine de cons volcaniques et plus de 20 coul\u00e9es de lave. L&rsquo;orographie, le sol et le climat fournissent une v\u00e9g\u00e9tation vari\u00e9e, exub\u00e9rante, avec ch\u00eanes, et des for\u00eats de h\u00eatre de grande valeur pour le paysage. Dans le Parc Naturel de la Zone Volcanique de Garrotxa il y a 28 itin\u00e9raires p\u00e9destres et<br \/>\nun acc\u00e8s \u00e0 un belv\u00e9d\u00e8re qui parcourent les endroits plus int\u00e9ressants du Parc Naturel. La majorit\u00e9 d&rsquo;eux sont signalis\u00e9es, sauf certains des plus longs qui, si on a l\u2019habitude, peuvent se suivre facilement avec l&rsquo;aide du plan &#8211; guide du Parc Naturel.<\/p>\n<p>Le Parc Naturel dispose d&rsquo;une offre \u00e9tendue de publications<\/p>\n<\/div><\/div><\/div><div class=\"fusion-column content-box-column content-box-column content-box-column-6 col-lg-6 col-md-6 col-sm-6 fusion-content-box-hover content-box-column-last-in-row\"><div class=\"col content-box-wrapper content-wrapper-background link-area-box content-icon-wrapper-yes icon-hover-animation-fade fusion-animated\" style=\"background-color:#ffffff;\" data-animationType=\"fadeIn\" data-animationDuration=\"0.25\" data-animationOffset=\"top-into-view\"><div class=\"heading heading-with-icon icon-left\"><div aria-hidden=\"true\" class=\"image\"><img src=\"https:\/\/elbosquero.com\/wp-content\/uploads\/2017\/12\/Les-Planes-dHostoles-2.jpg\" width=\"1500\" height=\"1125\" alt=\"\" \/><\/div><h2 class=\"content-box-heading\" style=\"font-size:24px;line-height:29px;\">LES PLANES D'HOSTOLES<\/h2><\/div><div class=\"fusion-clearfix\"><\/div><div class=\"content-container\" style=\"color:#4a4e57;\">\n<p><strong>\u00e0 700m du Bosquer\u00f3 \/ Mirador<\/strong><\/p>\n<p>Les Planes d&rsquo;Hostoles est situ\u00e9 \u00e0 l&rsquo;entr\u00e9e du Parc Naturel de la Zone Volcanique de La Garrotxa (G\u00e9rone). C&rsquo;est la zone volcanique la plus importante de la p\u00e9ninsule ib\u00e9rique. La nature dans toute sa splendeur avec ses for\u00eats de ch\u00eanes et de h\u00eatres, de bassins et de cascades, de rivi\u00e8res et de ruisseaux. La ville a tout ce dont vous avez besoin pour faire de votre s\u00e9jour un souvenir inoubliable avec des coins charmants, un acc\u00e8s direct \u00e0 v\u00e9lo-voie (Olot-G\u00e9rone) et des services essentiels tels que: supermarch\u00e9s, poissonnerie, boucherie, pharmacie, transports en commun, restaurants, etc &#8230;<\/p>\n<\/div><\/div><\/div><div class=\"fusion-column content-box-column content-box-column content-box-column-7 col-lg-6 col-md-6 col-sm-6 fusion-content-box-hover content-box-column-first-in-row\"><div class=\"col content-box-wrapper content-wrapper-background link-area-box content-icon-wrapper-yes icon-hover-animation-fade fusion-animated\" style=\"background-color:#ffffff;\" data-animationType=\"fadeIn\" data-animationDuration=\"0.25\" data-animationOffset=\"top-into-view\"><div class=\"heading heading-with-icon icon-left\"><div aria-hidden=\"true\" class=\"image\"><img src=\"https:\/\/elbosquero.com\/wp-content\/uploads\/2023\/07\/foto-web-fageda-karina-e1690311143216-1.jpeg\" width=\"960\" height=\"720\" alt=\"\" \/><\/div><h2 class=\"content-box-heading\" style=\"font-size:24px;line-height:29px;\">LA FAGEDA D'EN JORD\u00c0<\/h2><\/div><div class=\"fusion-clearfix\"><\/div><div class=\"content-container\" style=\"color:#4a4e57;\">\n<p><strong>\u00e0 20 le Km du Bosquer\u00f3\/ Mirador<\/strong><\/p>\n<p>La Fageda d&rsquo;en Jord\u00e0, c&rsquo;est une r\u00e9serve naturelle qui comprend un bois de h\u00eatres de caract\u00e9ristiques uniques en Espagne, puisqu&rsquo;elle pousse sur un terrain relativement plat, form\u00e9 par un lessivage de lave originaire du volcan Croscat, \u00e0 une altitude qui n&rsquo;est pas fr\u00e9quente \u00e0 la P\u00e9ninsule Ib\u00e9rique pour ce type d&rsquo;arbres, entre 550 et 650 m. Ce bois a une \u00e9tendue d&rsquo;environ 4,8 km2 et est plein de ses propres pro\u00e9minences de la lave qui peuvent atteindre plus de 20 m de hauteur, avec le nom local de \u00ab tossols \u00bb. \u00ab La Fageda \u00bb est un typique bois d\u2019h\u00eatres immortalis\u00e9 par le po\u00e8te Joan Maragall dans son c\u00e9l\u00e8bre po\u00e8me \u00ab La fageda d&rsquo;en Jord\u00e0 \u00bb, (la h\u00eatraie de Jord\u00e0). L\u2019entr\u00e9e principale de \u00abLa Fageda d\u2019en Jord\u00e0 \u00bb se trouve dans le km 4 de la route entre Olot et Santa Pau, o\u00f9 vous trouverez le parking Can Serra. Juste \u00e0 l\u2019entr\u00e9e de \u00ab La Fageda d\u2019en Jord\u00e0 \u00bb vous trouverez aussi un monolithe en son honneur. \u00c0 l&rsquo;int\u00e9rieur du bois il est interdit l&rsquo;usage de v\u00e9hicules \u00e0 un moteur ; cependant, il y a quelques routes \u00e0 pied, \u00e0 cheval (on peut louer un cheval) ou \u00e0 charrette.<\/p>\n<\/div><\/div><\/div><div class=\"fusion-column content-box-column content-box-column content-box-column-8 col-lg-6 col-md-6 col-sm-6 fusion-content-box-hover content-box-column-last-in-row\"><div class=\"col content-box-wrapper content-wrapper-background link-area-box content-icon-wrapper-yes icon-hover-animation-fade fusion-animated\" style=\"background-color:#ffffff;\" data-animationType=\"fadeIn\" data-animationDuration=\"0.25\" data-animationOffset=\"top-into-view\"><div class=\"heading heading-with-icon icon-left\"><div aria-hidden=\"true\" class=\"image\"><img src=\"https:\/\/elbosquero.com\/wp-content\/uploads\/2017\/12\/Vol-de-coloms.jpg\" width=\"1500\" height=\"1125\" alt=\"\" \/><\/div><h2 class=\"content-box-heading\" style=\"font-size:24px;line-height:29px;\">HOSTALETS D'EN BAS<\/h2><\/div><div class=\"fusion-clearfix\"><\/div><div class=\"content-container\" style=\"color:#4a4e57;\">\n<p><strong>\u00e0 16km du Bosquer\u00f3 \/ Mirador<\/strong><\/p>\n<p>Autour d&rsquo;une auberge ou d&rsquo;un hostalet, comme le nom du lieu le d\u00e9crit, et au pied de l&rsquo;ancienne route royale qui allait d&rsquo;Olot \u00e0 Vic, l&rsquo;un des noyaux les plus pittoresques de la r\u00e9gion est n\u00e9. Les Hostalets depuis ses d\u00e9buts dans le XVIII\u00e8me si\u00e8cle, a connu une croissance mod\u00e9r\u00e9e et soutenue, avec des caract\u00e9ristiques urbaines remarquables, qui pr\u00e9servent la rusticit\u00e9 originale et native de cet endroit. L&rsquo;une des images les plus belles et les plus connues de la ville, que les peintres et les photographes ont immortalis\u00e9e \u00e0 travers l&rsquo;histoire, est la rue Teixeda. Il se distingue par les maisons avec les \u00e9poques correspondantes \u00e0 l&rsquo;avant, bien restaur\u00e9es et align\u00e9es les unes \u00e0 c\u00f4t\u00e9 des autres. Si la visite est faite au printemps ou en \u00e9t\u00e9, les longs balcons en bois montrent des centaines de pots avec des g\u00e9raniums et autres fleurs, formant ainsi une sorte de jardin urbain d&rsquo;impact visuel remarquable; \u00e9v\u00e9nements m\u00e9ritoires qui ont permis \u00e0 la ville d&rsquo;Hostalets d&rsquo;\u00eatre class\u00e9e comme complexe historique-artistique.<\/p>\n<\/div><\/div><\/div><div class=\"fusion-column content-box-column content-box-column content-box-column-9 col-lg-6 col-md-6 col-sm-6 fusion-content-box-hover content-box-column-first-in-row\"><div class=\"col content-box-wrapper content-wrapper-background link-area-box content-icon-wrapper-yes icon-hover-animation-fade fusion-animated\" style=\"background-color:#ffffff;\" data-animationType=\"fadeIn\" data-animationDuration=\"0.25\" data-animationOffset=\"top-into-view\"><div class=\"heading heading-with-icon icon-left\"><div aria-hidden=\"true\" class=\"image\"><img src=\"https:\/\/elbosquero.com\/wp-content\/uploads\/2017\/12\/Banyoles.jpg\" width=\"1500\" height=\"1004\" alt=\"\" \/><\/div><h2 class=\"content-box-heading\" style=\"font-size:24px;line-height:29px;\">LAC de BANYOLES<\/h2><\/div><div class=\"fusion-clearfix\"><\/div><div class=\"content-container\" style=\"color:#4a4e57;\">\n<p><strong>\u00e0 45 Kms du Bosquer\u00f3\/ Mirador<\/strong><\/p>\n<p>Le lac de Banyoles (en catalan, l&rsquo;estany de Banyoles) est le plus grand lac de la Catalogne. Situ\u00e9 \u00e0 la ville de Banyoles, dans la province de Girona, ce lac constitue le symbole de la ville. Le lac et son bassin lacustre sont l&rsquo;ensemble karstique le plus \u00e9tendu de l&rsquo;Espagne, en constituant un syst\u00e8me environnemental de valeur remarquable.<\/p>\n<\/div><\/div><\/div><div class=\"fusion-column content-box-column content-box-column content-box-column-10 col-lg-6 col-md-6 col-sm-6 fusion-content-box-hover content-box-column-last-in-row\"><div class=\"col content-box-wrapper content-wrapper-background link-area-box content-icon-wrapper-yes icon-hover-animation-fade fusion-animated\" style=\"background-color:#ffffff;\" data-animationType=\"fadeIn\" data-animationDuration=\"0.25\" data-animationOffset=\"top-into-view\"><div class=\"heading heading-with-icon icon-left\"><div aria-hidden=\"true\" class=\"image\"><img src=\"https:\/\/elbosquero.com\/wp-content\/uploads\/2022\/03\/costa-brava-new.jpg\" width=\"1200\" height=\"800\" alt=\"\" \/><\/div><h2 class=\"content-box-heading\" style=\"font-size:24px;line-height:29px;\">LA COSTA BRAVA<\/h2><\/div><div class=\"fusion-clearfix\"><\/div><div class=\"content-container\" style=\"color:#4a4e57;\">\n<p><strong>\u00e0 60 Kms du Bosquer\u00f3\/ Mirador<\/strong><\/p>\n<p>La Costa Brava est une accumulation in\u00e9puisable de paysages, des plages, des peuples (villages), des sensations, des gens et des possibilit\u00e9s. \u00c0 travers de ses 214 kms de c\u00f4te nous trouverons des r\u00e9serves naturelles comme le Cap de Creus ou les Illes Medes. Des villages qui conservent le charme de la mer, qui a attir\u00e9 des personnages l\u00e9gendaires comme Cadaqu\u00e9s ou le Port de la Selva. Des centres touristiques comme Roses ou Platja d&rsquo;Aro. Et aussi, une vari\u00e9t\u00e9 de villages comme Calella de Palafrugell ou Llafranc qui font revenir les touristes toutes les ann\u00e9es.<\/p>\n<\/div><\/div><\/div><div class=\"fusion-column content-box-column content-box-column content-box-column-11 col-lg-6 col-md-6 col-sm-6 fusion-content-box-hover content-box-column-first-in-row content-box-column-last\"><div class=\"col content-box-wrapper content-wrapper-background link-area-box content-icon-wrapper-yes icon-hover-animation-fade fusion-animated\" style=\"background-color:#ffffff;\" data-animationType=\"fadeIn\" data-animationDuration=\"0.25\" data-animationOffset=\"top-into-view\"><div class=\"heading heading-with-icon icon-left\"><div aria-hidden=\"true\" class=\"image\"><img src=\"https:\/\/elbosquero.com\/wp-content\/uploads\/2017\/12\/Girona.jpg\" width=\"1500\" height=\"988\" alt=\"\" \/><\/div><h2 class=\"content-box-heading\" style=\"font-size:24px;line-height:29px;\">GIRONA<\/h2><\/div><div class=\"fusion-clearfix\"><\/div><div class=\"content-container\" style=\"color:#4a4e57;\">\n<p><strong>\u00e0 30 Kms du Bosquer\u00f3\/ Mirador<\/strong><\/p>\n<p>Girona poss\u00e8de le charme des grandes des villes, mais sans trop de foule; une ville faite \u00e0 \u00e9chelle humaine pour bien profiter de toutes ces offres : des rues, des f\u00eates, un agenda culturel, des restaurants, des services touristiques, des \u00e9v\u00e9nements, des festivals\u2026 Si on peut, il faut y aller plus d\u2019une fois parce que c&rsquo;est une ville vivante qui a une vari\u00e9t\u00e9 d\u2019offres spectaculaires, comme la mondialement reconnue \u00ab Girona temps de flors \u00bb au mois de mai.<\/p>\n<p>Dlleure.com essaie d&rsquo;aider le visiteur \u00e0 conna\u00eetre la Costa Brava tout en offrant les renseignements n\u00e9cessaires pour bien planifier ses vacances.<\/p>\n<\/div><\/div><\/div><style type=\"text\/css\">\n\t\t\t\t\t\t.fusion-content-boxes-1 .fusion-content-box-hover .heading-link:hover .icon i.circle-yes,\n\t\t\t\t\t\t.fusion-content-boxes-1 .fusion-content-box-hover .link-area-box:hover .heading-link .icon i.circle-yes,\n\t\t\t\t\t\t.fusion-content-boxes-1 .fusion-content-box-hover .link-area-link-icon-hover .heading .icon i.circle-yes,\n\t\t\t\t\t\t.fusion-content-boxes-1 .fusion-content-box-hover .link-area-box-hover .heading .icon i.circle-yes {\n\t\t\t\t\t\t\tbackground-color: #65bc7b !important;\n\t\t\t\t\t\t\tborder-color: #65bc7b !important;\n\t\t\t\t\t\t}<\/style><div class=\"fusion-clearfix\"><\/div><\/div><\/div><style type=\"text\/css\">.fusion-body .fusion-builder-column-0{width:100% !important;margin-top : 0px;margin-bottom : 20px;}.fusion-builder-column-0 > .fusion-column-wrapper {padding-top : 0px !important;padding-right : 0px !important;margin-right : 1.92%;padding-bottom : 0px !important;padding-left : 0px !important;margin-left : 1.92%;}@media only screen and (max-width:1024px) {.fusion-body .fusion-builder-column-0{width:100% !important;order : 0;}.fusion-builder-column-0 > .fusion-column-wrapper {margin-right : 1.92%;margin-left : 1.92%;}}@media only screen and (max-width:640px) {.fusion-body .fusion-builder-column-0{width:100% !important;order : 0;}.fusion-builder-column-0 > .fusion-column-wrapper {margin-right : 1.92%;margin-left : 1.92%;}}<\/style><\/div><\/div><style type=\"text\/css\">.fusion-body .fusion-flex-container.fusion-builder-row-1{ padding-top : 0px;margin-top : 0px;padding-right : 0px;padding-bottom : 0px;margin-bottom : 0px;padding-left : 0px;}<\/style><\/div>\n","protected":false},"excerpt":{"rendered":"","protected":false},"author":1,"featured_media":0,"parent":0,"menu_order":0,"comment_status":"closed","ping_status":"closed","template":"100-width.php","meta":[],"_links":{"self":[{"href":"https:\/\/elbosquero.com\/fr\/wp-json\/wp\/v2\/pages\/2038"}],"collection":[{"href":"https:\/\/elbosquero.com\/fr\/wp-json\/wp\/v2\/pages"}],"about":[{"href":"https:\/\/elbosquero.com\/fr\/wp-json\/wp\/v2\/types\/page"}],"author":[{"embeddable":true,"href":"https:\/\/elbosquero.com\/fr\/wp-json\/wp\/v2\/users\/1"}],"replies":[{"embeddable":true,"href":"https:\/\/elbosquero.com\/fr\/wp-json\/wp\/v2\/comments?post=2038"}],"version-history":[{"count":9,"href":"https:\/\/elbosquero.com\/fr\/wp-json\/wp\/v2\/pages\/2038\/revisions"}],"predecessor-version":[{"id":4446,"href":"https:\/\/elbosquero.com\/fr\/wp-json\/wp\/v2\/pages\/2038\/revisions\/4446"}],"wp:attachment":[{"href":"https:\/\/elbosquero.com\/fr\/wp-json\/wp\/v2\/media?parent=2038"}],"curies":[{"name":"wp","href":"https:\/\/api.w.org\/{rel}","templated":true}]}}