{"id":2108,"date":"2015-06-30T05:46:13","date_gmt":"2015-06-30T05:46:13","guid":{"rendered":"https:\/\/elbosquero.com\/contacto\/"},"modified":"2024-04-18T21:43:23","modified_gmt":"2024-04-18T19:43:23","slug":"comment-arriver","status":"publish","type":"page","link":"https:\/\/elbosquero.com\/fr\/comment-arriver\/","title":{"rendered":"Comment arriver?"},"content":{"rendered":"<p><div class=\"fusion-fullwidth fullwidth-box fusion-builder-row-1 fusion-flex-container nonhundred-percent-fullwidth non-hundred-percent-height-scrolling\" style=\"background-color: rgba(255,255,255,0);background-position: center center;background-repeat: no-repeat;border-width: 0px 0px 0px 0px;border-color:#e2e2e2;border-style:solid;\" ><div class=\"fusion-builder-row fusion-row fusion-flex-align-items-center\" style=\"max-width:1248px;margin-left: calc(-4% \/ 2 );margin-right: calc(-4% \/ 2 );\"><div class=\"fusion-layout-column fusion_builder_column fusion-builder-column-0 fusion_builder_column_1_1 1_1 fusion-flex-column fusion-animated\" data-animationType=\"fadeInUp\" data-animationDuration=\"2.0\" data-animationOffset=\"top-into-view\"><div class=\"fusion-column-wrapper fusion-flex-justify-content-flex-start fusion-content-layout-column\" style=\"background-position:left top;background-repeat:no-repeat;-webkit-background-size:cover;-moz-background-size:cover;-o-background-size:cover;background-size:cover;padding: 0px 0px 0px 0px;\"><div class=\"fusion-text fusion-text-1\" style=\"text-align:center;\"><p><iframe style=\"border: 0;\" src=\"https:\/\/www.google.com\/maps\/embed?pb=!1m18!1m12!1m3!1d2579.1519044330403!2d2.537649329820669!3d42.05031188653866!2m3!1f0!2f0!3f0!3m2!1i1024!2i768!4f13.1!3m3!1m2!1s0x12bace00064c23d1%3A0xe259f352f041b48!2sCasa%20Rural%20El%20Bosquer%C3%B3!5e0!3m2!1ses!2ses!4v1713469051148!5m2!1ses!2ses\" width=\"100%\" height=\"550\" allowfullscreen=\"allowfullscreen\"><\/iframe><\/p>\n<\/div><\/div><style type=\"text\/css\">.fusion-body .fusion-builder-column-0{width:100% !important;margin-top : 0px;margin-bottom : 20px;}.fusion-builder-column-0 > .fusion-column-wrapper {padding-top : 0px !important;padding-right : 0px !important;margin-right : 1.92%;padding-bottom : 0px !important;padding-left : 0px !important;margin-left : 1.92%;}@media only screen and (max-width:1024px) {.fusion-body .fusion-builder-column-0{width:100% !important;order : 0;}.fusion-builder-column-0 > .fusion-column-wrapper {margin-right : 1.92%;margin-left : 1.92%;}}@media only screen and (max-width:640px) {.fusion-body .fusion-builder-column-0{width:100% !important;order : 0;}.fusion-builder-column-0 > .fusion-column-wrapper {margin-right : 1.92%;margin-left : 1.92%;}}<\/style><\/div><div class=\"fusion-layout-column fusion_builder_column fusion-builder-column-1 fusion_builder_column_1_1 1_1 fusion-flex-column fusion-animated\" data-animationType=\"fadeInUp\" data-animationDuration=\"2.0\" data-animationOffset=\"top-into-view\"><div class=\"fusion-column-wrapper fusion-flex-justify-content-flex-start fusion-content-layout-column\" style=\"background-position:left top;background-repeat:no-repeat;-webkit-background-size:cover;-moz-background-size:cover;-o-background-size:cover;background-size:cover;padding: 0px 0px 0px 0px;\"><style type=\"text\/css\">#accordion-2108-1 .fusion-panel:hover{ border-color: #94c43c } #accordion-2108-1 .fusion-panel { border-color:var(--awb-color3); }.fusion-accordian  #accordion-2108-1 .panel-title a .fa-fusion-box{ color: #94c43c;}.fusion-accordian  #accordion-2108-1 .panel-title a .fa-fusion-box:before{ font-size: 16px; width: 16px;}.fusion-accordian  #accordion-2108-1 .panel-title a{font-size:15px;color:var(--awb-color8);font-family:var(--awb-typography1-font-family);font-weight:var(--awb-typography1-font-weight);font-style:var(--awb-typography1-font-style);}.fusion-accordian  #accordion-2108-1 .toggle-content{font-size:var(--awb-typography4-font-size);color:var(--awb-color8);font-family:var(--awb-typography4-font-family);font-weight:var(--awb-typography4-font-weight);font-style:var(--awb-typography4-font-style);}.fusion-accordian  #accordion-2108-1 .panel-title a:not(.active):hover, #accordion-2108-1 .fusion-toggle-boxed-mode:hover .panel-title a { color: #94c43c;}.fusion-accordian  #accordion-2108-1 .fusion-toggle-boxed-mode:hover .panel-title a .fa-fusion-box{ color: #94c43c;}.fusion-accordian  #accordion-2108-1.fusion-toggle-icon-unboxed .fusion-panel .panel-title a:not(.active):hover .fa-fusion-box{ color: #94c43c !important;}<\/style><div class=\"accordian fusion-accordian\"><div class=\"panel-group fusion-toggle-icon-unboxed\" id=\"accordion-2108-1\"><style type=\"text\/css\">.fusion-accordian  #accordion-2108-1 .panel-d4a381d1aba135f79 .panel-title a{}.fusion-accordian  #accordion-2108-1 .panel-d4a381d1aba135f79 .toggle-content{}<\/style><div class=\"fusion-panel panel-default panel-d4a381d1aba135f79\"><div class=\"panel-heading\"><h4 class=\"panel-title toggle\"><a class=\"active\" aria-expanded=\"true\" aria-controls=\"d4a381d1aba135f79\" role=\"button\" data-toggle=\"collapse\" data-parent=\"#accordion-2108-1\" data-target=\"#d4a381d1aba135f79\" href=\"#d4a381d1aba135f79\"><span class=\"fusion-toggle-icon-wrapper\" aria-hidden=\"true\"><i class=\"fa-fusion-box active-icon fa-map-marker-alt fas\" aria-hidden=\"true\"><\/i><i class=\"fa-fusion-box inactive-icon fa-plus-square fas\" aria-hidden=\"true\"><\/i><\/span><span class=\"fusion-toggle-heading\">Depuis Barcelone NORD \/ El Vall\u00e8s (1h10 environ)<\/span><\/a><\/h4><\/div><div id=\"d4a381d1aba135f79\" class=\"panel-collapse collapse in\"><div class=\"panel-body toggle-content fusion-clearfix\">\n<p>Prendre l&rsquo;autoroute C-17 en direction de GIRONA \/ VIC, continuer sur la B-521, traverser VIC et suivre les indications pour RIPOLL \/ OLOT, continuer jusqu&rsquo;\u00e0 la sortie OLOT, traverser les tunnels de Bracons et une fois au rond-point la Vall d&rsquo;en Bas, prendre la deuxi\u00e8me sortie (direction Les Planes d&rsquo;Hostoles), suivre la C-152 \/ C63 jusqu&rsquo;\u00e0 Les Planes d&rsquo;Hostoles, une fois dans Les Planes d&rsquo;Hostoles tourner \u00e0 droite au carrefour de la pharmacie , suivez cette rue jusqu&rsquo;au terrain de football et prenez le petit chemin juste avant la porte du terrain de football, suivez ce chemin pendant 1 km et vous serez \u00e0 El Bosquer\u00f3.<\/p>\n<\/div><\/div><\/div><style type=\"text\/css\">.fusion-accordian  #accordion-2108-1 .panel-e58b759ae687a1405 .panel-title a{}.fusion-accordian  #accordion-2108-1 .panel-e58b759ae687a1405 .toggle-content{}<\/style><div class=\"fusion-panel panel-default panel-e58b759ae687a1405\"><div class=\"panel-heading\"><h4 class=\"panel-title toggle\"><a aria-expanded=\"false\" aria-controls=\"e58b759ae687a1405\" role=\"button\" data-toggle=\"collapse\" data-parent=\"#accordion-2108-1\" data-target=\"#e58b759ae687a1405\" href=\"#e58b759ae687a1405\"><span class=\"fusion-toggle-icon-wrapper\" aria-hidden=\"true\"><i class=\"fa-fusion-box active-icon fa-map-marker-alt fas\" aria-hidden=\"true\"><\/i><i class=\"fa-fusion-box inactive-icon fa-plus-square fas\" aria-hidden=\"true\"><\/i><\/span><span class=\"fusion-toggle-heading\">Depuis Barcelone SUR \/ EL Maresme (1h30 environ)<\/span><\/a><\/h4><\/div><div id=\"e58b759ae687a1405\" class=\"panel-collapse collapse \"><div class=\"panel-body toggle-content fusion-clearfix\">\n<p>Prendre l&rsquo;autoroute AP-7 \/ E 15, sortir \u00e0 la sortie n\u00ba 8 (Aeropuerto Riudellots, Cass\u00e0, Vic), prendre la C-25 direction VIC sur 11,6 km, sortir \u00e0 la sortie Olot, suivre la C- 63 jusqu&rsquo;\u00e0 Les Planes d&rsquo;Hostoles, sur la route principale, tourner \u00e0 gauche au carrefour de la pharmacie, suivre cette rue jusqu&rsquo;au terrain de foot et prendre la petite route juste devant la porte du terrain de foot, continuer je marche 1 Km et je serai \u00e0 El Bosquero.<\/p>\n<\/div><\/div><\/div><style type=\"text\/css\">.fusion-accordian  #accordion-2108-1 .panel-4df5a2220dce8b93c .panel-title a{}.fusion-accordian  #accordion-2108-1 .panel-4df5a2220dce8b93c .toggle-content{}<\/style><div class=\"fusion-panel panel-default panel-4df5a2220dce8b93c\"><div class=\"panel-heading\"><h4 class=\"panel-title toggle\"><a aria-expanded=\"false\" aria-controls=\"4df5a2220dce8b93c\" role=\"button\" data-toggle=\"collapse\" data-parent=\"#accordion-2108-1\" data-target=\"#4df5a2220dce8b93c\" href=\"#4df5a2220dce8b93c\"><span class=\"fusion-toggle-icon-wrapper\" aria-hidden=\"true\"><i class=\"fa-fusion-box active-icon fa-map-marker-alt fas\" aria-hidden=\"true\"><\/i><i class=\"fa-fusion-box inactive-icon fa-plus-square fas\" aria-hidden=\"true\"><\/i><\/span><span class=\"fusion-toggle-heading\">Depuis G\u00e9rone (env. 35 min.)<\/span><\/a><\/h4><\/div><div id=\"4df5a2220dce8b93c\" class=\"panel-collapse collapse \"><div class=\"panel-body toggle-content fusion-clearfix\">\n<p>Prendre N-141 direction Angl\u00e8s, au rond-point d&rsquo;Angl\u00e8s prendre direction Olot, suivre la C-63 jusqu&rsquo;aux Planes d&rsquo;Hostoles, sur la route principale, tourner \u00e0 gauche au carrefour de la pharmacie, suivre cette rue jusqu&rsquo;au terrain de foot et prenez le petit chemin juste devant la porte du terrain de football, suivez ce chemin pendant 1 km et vous serez \u00e0 El Bosquer\u00f3.<\/p>\n<\/div><\/div><\/div><\/div><\/div><\/div><style type=\"text\/css\">.fusion-body .fusion-builder-column-1{width:100% !important;margin-top : 0px;margin-bottom : 20px;}.fusion-builder-column-1 > .fusion-column-wrapper {padding-top : 0px !important;padding-right : 0px !important;margin-right : 1.92%;padding-bottom : 0px !important;padding-left : 0px !important;margin-left : 1.92%;}@media only screen and (max-width:1024px) {.fusion-body .fusion-builder-column-1{width:100% !important;order : 0;}.fusion-builder-column-1 > .fusion-column-wrapper {margin-right : 1.92%;margin-left : 1.92%;}}@media only screen and (max-width:640px) {.fusion-body .fusion-builder-column-1{width:100% !important;order : 0;}.fusion-builder-column-1 > .fusion-column-wrapper {margin-right : 1.92%;margin-left : 1.92%;}}<\/style><\/div><\/div><style type=\"text\/css\">.fusion-body .fusion-flex-container.fusion-builder-row-1{ padding-top : 0px;margin-top : 0px;padding-right : 0px;padding-bottom : 60px;margin-bottom : 0px;padding-left : 0px;}<\/style><\/div><div class=\"fusion-fullwidth fullwidth-box fusion-builder-row-2 fusion-flex-container nonhundred-percent-fullwidth non-hundred-percent-height-scrolling\" style=\"background-color: #efefef;background-position: center center;background-repeat: no-repeat;border-width: 0px 0px 0px 0px;border-color:#e2e2e2;border-style:solid;\" ><div class=\"fusion-builder-row fusion-row fusion-flex-align-items-center\" style=\"max-width:1248px;margin-left: calc(-4% \/ 2 );margin-right: calc(-4% \/ 2 );\"><div class=\"fusion-layout-column fusion_builder_column fusion-builder-column-2 fusion_builder_column_1_1 1_1 fusion-flex-column\"><div class=\"fusion-column-wrapper fusion-flex-justify-content-flex-start fusion-content-layout-column\" style=\"background-position:left top;background-repeat:no-repeat;-webkit-background-size:cover;-moz-background-size:cover;-o-background-size:cover;background-size:cover;padding: 0px 0px 0px 0px;\"><style type=\"text\/css\">.fusion-title.fusion-title-1 svg path{stroke-width:9!important}@media only screen and (max-width:1024px) {.fusion-title.fusion-title-1{margin-top:10px!important; margin-right:0px!important;margin-bottom:20px!important;margin-left:0px!important;}}@media only screen and (max-width:640px) {.fusion-title.fusion-title-1{margin-top:10px!important; margin-right:0px!important;margin-bottom:10px!important; margin-left:0px!important;}}<\/style><div class=\"fusion-title title fusion-title-1 fusion-sep-none fusion-title-center fusion-title-highlight fusion-loop-off fusion-highlight-underline fusion-title-size-two fusion-animated\" style=\"margin-top:10px;margin-right:0px;margin-bottom:20px;margin-left:0px;\" data-highlight=\"underline\" data-animationType=\"fadeInUp\" data-animationDuration=\"2.0\" data-animationOffset=\"top-into-view\"><h2 class=\"title-heading-center\" style=\"margin:0;\"><span class=\"fusion-highlighted-text-prefix\">Contacter<\/span> <span class=\"fusion-highlighted-text-wrapper\"><span class=\"fusion-highlighted-text\">Nous<\/span><\/span> <span class=\"fusion-highlighted-text-postfix\"><\/span><\/h2><\/div><div class=\"fusion-text fusion-text-2 fusion-animated\" style=\"text-align:center;\" data-animationType=\"fadeInUp\" data-animationDuration=\"0.3\" data-animationOffset=\"top-into-view\"><link rel=\"preconnect\" href=\"https:\/\/fonts.googleapis.com\"><link rel=\"preconnect\" href=\"https:\/\/fonts.gstatic.com\" crossorigin><link href=\"https:\/\/fonts.googleapis.com\/css?family=Montserrat:100,200,300,400,500,600,700,800,900\" rel=\"stylesheet\"><style type=\"text\/css\">.super-form:not(.super-initialized) *:not(.super-load-icon) { visibility: hidden !important; }<\/style><div id=\"super-form-4287\" style=\"margin:0px 0px 0px 0px;\" class=\"super-form super-form-4287  super-full-rounded super-field-size-medium super-adaptive\" data-disable-enter=\"true\" data-field-size=\"medium\"><span class=\"super-load-icon\"><\/span><form tabindex=\"0\" autocomplete=\"on\" enctype=\"multipart\/form-data\"><input type=\"hidden\" name=\"sf_nonce\" value=\"\" \/><input type=\"text\" name=\"super_hp\" size=\"25\" value=\"\" \/><div class=\"super-shortcode super-field super-hidden\"><input class=\"super-shortcode-field\" type=\"hidden\" value=\"4287\" name=\"hidden_form_id\" \/><\/div><div class=\"super-grid super-shortcode\"><div class=\"super-shortcode super_one_full super-column grid-level-0 column-number-1 first-column \"><div class=\"super-grid super-shortcode\"><div class=\"super-shortcode super_one_half super-column grid-level-1 column-number-1 first-column \"><div class=\"super-shortcode super-field super-text super-has-only-desc  super-icon-outside super-icon-left  super-ungrouped  \"><div class=\"super-description\">Nom<\/div><div class=\"super-field-wrapper \"><i class=\"fas fa-user super-icon\"><\/i><input tabindex=\"-1\" class=\"super-shortcode-field\" type=\"text\" name=\"first_name\" data-oname=\"first_name\" data-validation=\"empty\" data-email=\"Nombre:\" data-exclude=\"0\" data-absolute-default=\"\" data-default-value=\"\" \/><\/div><div class=\"super-error-msg\">Champ requis!<\/div><div class=\"super-empty-error-msg\">Champ requis!<\/div><\/div><div class=\"super-shortcode super-field super-text super-has-only-desc  super-icon-outside super-icon-left  super-ungrouped  \"><div class=\"super-description\">T\u00e9l\u00e9phone<\/div><div class=\"super-field-wrapper \"><i class=\"fas fa-phone super-icon\"><\/i><input tabindex=\"-1\" class=\"super-shortcode-field\" type=\"text\" name=\"phonenumber\" data-oname=\"phonenumber\" data-email=\"Tel\u00e9fono:\" data-exclude=\"0\" data-absolute-default=\"\" data-default-value=\"\" \/><\/div><div class=\"super-error-msg\">Champ requis!<\/div><div class=\"super-empty-error-msg\">Champ requis!<\/div><\/div><\/div><div class=\"super-shortcode super_one_half super-column grid-level-1 column-number-2  \"><div class=\"super-shortcode super-field super-text super-has-only-desc  super-icon-outside super-icon-left  super-ungrouped  \"><div class=\"super-description\">Pr\u00e9nom<\/div><div class=\"super-field-wrapper \"><i class=\"fas fa-user super-icon\"><\/i><input tabindex=\"-1\" class=\"super-shortcode-field\" type=\"text\" name=\"last_name\" data-oname=\"last_name\" data-validation=\"empty\" data-email=\"Apellidos:\" data-exclude=\"0\" data-absolute-default=\"\" data-default-value=\"\" \/><\/div><div class=\"super-error-msg\">Champ requis!<\/div><div class=\"super-empty-error-msg\">Champ requis!<\/div><\/div><div class=\"super-shortcode super-field super-text super-has-only-desc  super-icon-outside super-icon-left  super-ungrouped  \"><div class=\"super-description\">Email<\/div><div class=\"super-field-wrapper \"><i class=\"fas fa-envelope super-icon\"><\/i><input tabindex=\"-1\" class=\"super-shortcode-field\" type=\"text\" name=\"email\" data-oname=\"email\" data-validation=\"email\" data-email=\"Email address:\" data-exclude=\"0\" data-absolute-default=\"\" data-default-value=\"\" \/><\/div><div class=\"super-error-msg\">Champ requis!<\/div><div class=\"super-empty-error-msg\">Champ requis!<\/div><\/div><\/div><\/div><div class=\"super-grid super-shortcode\"><div class=\"super-shortcode super_one_fourth super-column grid-level-1 column-number-1 first-column \"><div class=\"super-shortcode super-field super-quantity super-has-only-desc  super-tooltip  super-ungrouped  \" title=\"N\u00famero d&#039;adults\"><div class=\"super-description\">Nombre d'adultes<\/div><div class=\"super-quantity-field-wrap\"><span class=\"super-minus-button super-noselect\"><i>-<\/i><\/span><div style=\"width:50px;\" class=\"super-field-wrapper \"><input tabindex=\"-1\" class=\"super-shortcode-field\" type=\"text\" name=\"numero-adultos\" value=\"0\" data-steps=\"1\" data-oname=\"numero-adultos\" data-conditional-validation=\"less_than\" data-conditional-validation-value=\"20\" data-email=\"Adultos:\" data-exclude=\"0\" data-absolute-default=\"0\" data-default-value=\"0\" data-minnumber=\"0\" data-maxnumber=\"100\" \/><\/div><span class=\"super-plus-button super-noselect\"><i>+<\/i><\/span><\/div><div class=\"super-error-msg\">Champ requis!<\/div><div class=\"super-empty-error-msg\">Champ requis!<\/div><\/div><\/div><div class=\"super-shortcode super_one_fourth super-column grid-level-1 column-number-2  \"><div class=\"super-shortcode super-field super-quantity super-has-only-desc  super-tooltip  super-ungrouped  \" title=\"Nombre d&#039;enfants (y compris les b\u00e9b\u00e9s)\"><div class=\"super-description\">Nombre d'enfants (y compris les b\u00e9b\u00e9s)<\/div><div class=\"super-quantity-field-wrap\"><span class=\"super-minus-button super-noselect\"><i>-<\/i><\/span><div style=\"width:50px;\" class=\"super-field-wrapper \"><input tabindex=\"-1\" class=\"super-shortcode-field\" type=\"text\" name=\"numero-nens\" value=\"0\" data-steps=\"1\" data-oname=\"numero-nens\" data-email=\"Ni\u00f1os:\" data-exclude=\"0\" data-absolute-default=\"0\" data-default-value=\"0\" data-minnumber=\"0\" data-maxnumber=\"100\" \/><\/div><span class=\"super-plus-button super-noselect\"><i>+<\/i><\/span><\/div><div class=\"super-error-msg\">Champ requis!<\/div><div class=\"super-empty-error-msg\">Champ requis!<\/div><\/div><\/div><div class=\"super-shortcode super_one_half super-column grid-level-1 column-number-3  \"><div class=\"super-shortcode super-field super-radio super-has-only-desc  super-icon-outside super-icon-left super-tooltip  super-ungrouped   display-vertical\" title=\"S\u00e9lectionnez l&#039;\u00e9tablissement\"><div class=\"super-description\">S\u00e9lectionnez l'\u00e9tablissement<\/div><div class=\"super-field-wrapper \"><i class=\"fas fa-home super-icon\"><\/i><div class=\"super-items-list\"><label class=\"super-item\" ><span class=\"super-before\"><span class=\"super-after\"><\/span><\/span><input type=\"radio\" value=\"el_bosquero\" \/><div>El Bosquer\u00f3 \u2022 14 places<\/div><\/label><label class=\"super-item\" ><span class=\"super-before\"><span class=\"super-after\"><\/span><\/span><input type=\"radio\" value=\"el_mirador\" \/><div>El Mirador \u2022 6 places<\/div><\/label><label class=\"super-item\" ><span class=\"super-before\"><span class=\"super-after\"><\/span><\/span><input type=\"radio\" value=\"ambas\" \/><div>Les deux \u2022 20 places<\/div><\/label><\/div><input class=\"super-shortcode-field\" type=\"hidden\" name=\"option_1\" value=\"\" data-oname=\"option_1\" data-email=\"Establecimiento\" data-exclude=\"0\" data-absolute-default=\"\" data-default-value=\"\" \/><\/div><div class=\"super-error-msg\">Champ requis!<\/div><div class=\"super-empty-error-msg\">Champ requis!<\/div><\/div><\/div><\/div><div class=\"super-grid super-shortcode\"><div class=\"super-shortcode super_one_half super-column grid-level-1 column-number-1 first-column \"><div class=\"super-shortcode super-field super-date super-has-only-desc  super-icon-outside super-icon-left  super-ungrouped  \"><div class=\"super-description\">Date d'arriv\u00e9e<\/div><div class=\"super-field-wrapper \"><i class=\"fas fa-calendar-alt super-icon\"><\/i><input tabindex=\"-1\" class=\"super-shortcode-field super-datepicker\" type=\"text\" autocomplete=\"false\"  value=\"\" \r\n        name=\"date\" \r\n        data-format=\"dd-mm-yy\" \r\n        data-jsformat=\"dd-MM-yyyy\" \r\n        data-connected-min=\"date_1\" \r\n        data-connected-min-days=\"2\" \r\n        data-connected-max=\"\" \r\n        data-connected-max-days=\"1\" \r\n        data-range=\"-0:+2\" \r\n        data-first-day=\"1\"\r\n        data-localization=\"ca\"\r\n        data-change-month=\"true\"\r\n        data-change-year=\"true\"\r\n        data-show-month-after-year=\"\"\r\n        data-show-week=\"\"\r\n        data-number-of-months=\"1\"\r\n        data-show-other-months=\"\"\r\n        data-select-other-months=\"false\" data-work-days=\"true\"data-weekends=\"true\"data-maxPicks=\"1\" data-oname=\"date\" data-email=\"Fecha entrada:\" data-exclude=\"0\" data-absolute-default=\"\" data-default-value=\"\" data-minlength=\"0\" data-return_age=\"\" readonly=\"true\" \/><\/div><div class=\"super-error-msg\">Champ requis!<\/div><div class=\"super-empty-error-msg\">Champ requis!<\/div><\/div><\/div><div class=\"super-shortcode super_one_half super-column grid-level-1 column-number-2  \"><div class=\"super-shortcode super-field super-date super-has-only-desc  super-icon-outside super-icon-left  super-ungrouped  \"><div class=\"super-description\">Date de d\u00e9part<\/div><div class=\"super-field-wrapper \"><i class=\"fas fa-calendar-alt super-icon\"><\/i><input tabindex=\"-1\" class=\"super-shortcode-field super-datepicker\" type=\"text\" autocomplete=\"false\"  value=\"\" \r\n        name=\"date_1\" \r\n        data-format=\"dd-mm-yy\" \r\n        data-jsformat=\"dd-MM-yyyy\" \r\n        data-connected-min=\"\" \r\n        data-connected-min-days=\"1\" \r\n        data-connected-max=\"\" \r\n        data-connected-max-days=\"1\" \r\n        data-range=\"-0:+2\" \r\n        data-first-day=\"1\"\r\n        data-localization=\"ca\"\r\n        data-change-month=\"true\"\r\n        data-change-year=\"true\"\r\n        data-show-month-after-year=\"\"\r\n        data-show-week=\"\"\r\n        data-number-of-months=\"1\"\r\n        data-show-other-months=\"\"\r\n        data-select-other-months=\"false\" data-work-days=\"true\"data-weekends=\"true\"data-maxPicks=\"1\" data-oname=\"date_1\" data-email=\"Fecha salida:\" data-exclude=\"0\" data-absolute-default=\"\" data-default-value=\"\" data-return_age=\"\" readonly=\"true\" \/><\/div><div class=\"super-error-msg\">Champ requis!<\/div><div class=\"super-empty-error-msg\">Champ requis!<\/div><\/div><\/div><\/div><div class=\"super-shortcode super-field super-textarea super-has-only-desc  super-icon-outside super-icon-left  super-ungrouped  \"><div class=\"super-description\">Consultation<\/div><div class=\"super-field-wrapper \"><i class=\"fas fa-question super-icon\"><\/i><textarea tabindex=\"-1\" class=\"super-shortcode-field\" name=\"question\" data-oname=\"question\" data-email=\"Consulta:\" data-exclude=\"0\" data-absolute-default=\"\" data-default-value=\"\" ><\/textarea><\/div><div class=\"super-error-msg\">Champ requis!<\/div><div class=\"super-empty-error-msg\">Champ requis!<\/div><\/div><\/div><\/div><div data-color=\"#6e7177\" data-light=\"#82858b\" data-dark=\"#505359\" data-hover-color=\"#74a500\" data-hover-light=\"#88b914\" data-hover-dark=\"#568700\" data-font=\"#ffffff\" data-font-hover=\"#ffffff\" data-radius=\"square\" data-type=\"flat\" class=\"super-extra-shortcode super-shortcode super-field super-button super-clear-none super-form-button super-radius-square super-type-flat super-button-medium super-button-align-left super-button-width-auto\"><div data-href=\"\" class=\"super-button-wrap no_link\"><div class=\"super-button-name\" data-action=\"submit\" data-normal=\"Enviar\" data-loading=\"Enviando...\">Enviar<\/div><span class=\"super-after\"><\/span><\/div><\/div><\/form><\/div>\n<\/div><\/div><style type=\"text\/css\">.fusion-body .fusion-builder-column-2{width:100% !important;margin-top : 0px;margin-bottom : 20px;}.fusion-builder-column-2 > .fusion-column-wrapper {padding-top : 0px !important;padding-right : 0px !important;margin-right : 1.92%;padding-bottom : 0px !important;padding-left : 0px !important;margin-left : 1.92%;}@media only screen and (max-width:1024px) {.fusion-body .fusion-builder-column-2{width:100% !important;order : 0;}.fusion-builder-column-2 > .fusion-column-wrapper {margin-right : 1.92%;margin-left : 1.92%;}}@media only screen and (max-width:640px) {.fusion-body .fusion-builder-column-2{width:100% !important;order : 0;}.fusion-builder-column-2 > .fusion-column-wrapper {margin-right : 1.92%;margin-left : 1.92%;}}<\/style><\/div><\/div><style type=\"text\/css\">.fusion-body .fusion-flex-container.fusion-builder-row-2{ padding-top : 80px;margin-top : 0px;padding-right : 0px;padding-bottom : 60px;margin-bottom : -61px;padding-left : 0px;}<\/style><\/div><\/p>\n","protected":false},"excerpt":{"rendered":"","protected":false},"author":1,"featured_media":0,"parent":0,"menu_order":0,"comment_status":"closed","ping_status":"closed","template":"100-width.php","meta":[],"_links":{"self":[{"href":"https:\/\/elbosquero.com\/fr\/wp-json\/wp\/v2\/pages\/2108"}],"collection":[{"href":"https:\/\/elbosquero.com\/fr\/wp-json\/wp\/v2\/pages"}],"about":[{"href":"https:\/\/elbosquero.com\/fr\/wp-json\/wp\/v2\/types\/page"}],"author":[{"embeddable":true,"href":"https:\/\/elbosquero.com\/fr\/wp-json\/wp\/v2\/users\/1"}],"replies":[{"embeddable":true,"href":"https:\/\/elbosquero.com\/fr\/wp-json\/wp\/v2\/comments?post=2108"}],"version-history":[{"count":20,"href":"https:\/\/elbosquero.com\/fr\/wp-json\/wp\/v2\/pages\/2108\/revisions"}],"predecessor-version":[{"id":4641,"href":"https:\/\/elbosquero.com\/fr\/wp-json\/wp\/v2\/pages\/2108\/revisions\/4641"}],"wp:attachment":[{"href":"https:\/\/elbosquero.com\/fr\/wp-json\/wp\/v2\/media?parent=2108"}],"curies":[{"name":"wp","href":"https:\/\/api.w.org\/{rel}","templated":true}]}}