{"id":2170,"date":"2017-12-20T20:02:21","date_gmt":"2017-12-20T20:02:21","guid":{"rendered":"https:\/\/elbosquero.com\/aviso-legal\/"},"modified":"2023-07-27T12:56:25","modified_gmt":"2023-07-27T10:56:25","slug":"mention-legale","status":"publish","type":"page","link":"https:\/\/elbosquero.com\/fr\/mention-legale\/","title":{"rendered":"Mention l\u00e9gale"},"content":{"rendered":"<p>EL BOSQUERO CB, en sa qualit\u00e9 de propri\u00e9taire et responsable du site Web, conform\u00e9ment \u00e0 ce qui est \u00e9tabli \u00e0 l&rsquo;article 10 de la loi 34\/2002 du 11 juillet sur les services de la soci\u00e9t\u00e9 de l&rsquo;information et du commerce \u00e9lectronique, met les informations g\u00e9n\u00e9rales suivantes est disponible pour les utilisateurs\u00a0:<\/p>\n<p>EL BOSQUERO CB est domicili\u00e9 dans la Calle Uruguai n\u00ba7 \u00e0 Olot (G\u00e9rone). Inscrite au Registre du Commerce de G\u00e9rone. Identifi\u00e9 avec le num\u00e9ro E55206221.<\/p>\n<p>Pour toute question ou r\u00e9clamation relative \u00e0 ces pages ou aux informations ou produits et services, les utilisateurs peuvent s&rsquo;adresser \u00e0 l&rsquo;adresse mentionn\u00e9e ci-dessus.<\/p>\n","protected":false},"excerpt":{"rendered":"<p>EL BOSQUERO CB, en sa qualit\u00e9 de propri\u00e9taire et responsable [&hellip;]<\/p>\n","protected":false},"author":1,"featured_media":0,"parent":0,"menu_order":0,"comment_status":"closed","ping_status":"closed","template":"","meta":[],"_links":{"self":[{"href":"https:\/\/elbosquero.com\/fr\/wp-json\/wp\/v2\/pages\/2170"}],"collection":[{"href":"https:\/\/elbosquero.com\/fr\/wp-json\/wp\/v2\/pages"}],"about":[{"href":"https:\/\/elbosquero.com\/fr\/wp-json\/wp\/v2\/types\/page"}],"author":[{"embeddable":true,"href":"https:\/\/elbosquero.com\/fr\/wp-json\/wp\/v2\/users\/1"}],"replies":[{"embeddable":true,"href":"https:\/\/elbosquero.com\/fr\/wp-json\/wp\/v2\/comments?post=2170"}],"version-history":[{"count":1,"href":"https:\/\/elbosquero.com\/fr\/wp-json\/wp\/v2\/pages\/2170\/revisions"}],"predecessor-version":[{"id":4412,"href":"https:\/\/elbosquero.com\/fr\/wp-json\/wp\/v2\/pages\/2170\/revisions\/4412"}],"wp:attachment":[{"href":"https:\/\/elbosquero.com\/fr\/wp-json\/wp\/v2\/media?parent=2170"}],"curies":[{"name":"wp","href":"https:\/\/api.w.org\/{rel}","templated":true}]}}