{"id":4436,"date":"2022-03-26T01:28:33","date_gmt":"2022-03-26T00:28:33","guid":{"rendered":"https:\/\/elbosquero.com\/cookies-policy\/"},"modified":"2023-07-27T13:43:15","modified_gmt":"2023-07-27T11:43:15","slug":"politique-cookies","status":"publish","type":"page","link":"https:\/\/elbosquero.com\/fr\/politique-cookies\/","title":{"rendered":"politique relative aux cookies"},"content":{"rendered":"<div class=\"fusion-fullwidth fullwidth-box fusion-builder-row-1 fusion-flex-container nonhundred-percent-fullwidth non-hundred-percent-height-scrolling\" style=\"background-color: rgba(255,255,255,0);background-position: center center;background-repeat: no-repeat;border-width: 0px 0px 0px 0px;border-color:#e2e2e2;border-style:solid;\" ><div class=\"fusion-builder-row fusion-row fusion-flex-align-items-flex-start\" style=\"max-width:1248px;margin-left: calc(-4% \/ 2 );margin-right: calc(-4% \/ 2 );\"><div class=\"fusion-layout-column fusion_builder_column fusion-builder-column-0 fusion_builder_column_1_1 1_1 fusion-flex-column\"><div class=\"fusion-column-wrapper fusion-flex-justify-content-flex-start fusion-content-layout-column\" style=\"background-position:left top;background-repeat:no-repeat;-webkit-background-size:cover;-moz-background-size:cover;-o-background-size:cover;background-size:cover;padding: 0px 0px 0px 0px;\"><div class=\"fusion-text fusion-text-1\"><article id=\"copytext\" class=\"container my-padding\">\n<div class=\"row\">\n<div class=\"col-xl-10 mx-auto\">\n<div class=\"paper\">\n<h4>elbosquer.com<\/h4>\n<p>L&rsquo;acc\u00e8s \u00e0 ce Lloc Web peut impliquer l&rsquo;utilisation de gal\u00e8res. Les cookies sont de petites quantit\u00e9s d&rsquo;informations que le navigateur utilise par chaque utilisateur -dans les diff\u00e9rents appareils qui peuvent \u00eatre utilis\u00e9s pour naviguer- car le serveur enregistrera certaines informations plus tard et seul le serveur qui les mettra en \u0153uvre arrivera. Les cookies facilitent la navigation, le ventilateur le plus convivial, et non le mauvais, l&rsquo;appareil de navigation. Les cookies sont des proc\u00e9dures automatiques de collecte d&rsquo;informations relatives aux pr\u00e9f\u00e9rences d\u00e9termin\u00e9es par l&rsquo;utilisateur lors de la visite du site Web Lloc pour une telle reconnaissance. En tant qu&rsquo;utilisateur, et personnaliser votre exp\u00e9rience et les utilisateurs du Web Lloc, et peut \u00e9galement, par exemple, aider \u00e0 identifier et r\u00e9soudre les erreurs. Les informations collect\u00e9es via les cookies peuvent inclure la date et l&rsquo;heure des visites sur le site Web de Lloc, les pages consult\u00e9es, le temps pass\u00e9 sur le site Web de Lloc et les llocs visit\u00e9s juste avant et apr\u00e8s. Tot i aix\u00f2, cap galeta permet \u00e0 ce mateixa de contacter le num\u00e9ro de t\u00e9l\u00e9phone de l&rsquo;utilisateur ou tout autre num\u00e9ro de contact personnel. Le cookie Cap n&rsquo;extrait pas d&rsquo;informations du disque de l&rsquo;utilisateur et ne vole pas d&rsquo;informations personnelles. La seule fa\u00e7on dont les informations priv\u00e9es de l&rsquo;utilisateur font partie du cookie fitxer est que l&rsquo;utilisateur donne personnellement ces informations au serveur.<\/p>\n<p>Les balises permettant d&rsquo;identifier une personne sont consid\u00e9r\u00e9es comme des donn\u00e9es personnelles. Par cons\u00e9quent, la politique de confidentialit\u00e9 d\u00e9crite pr\u00e9c\u00e9demment sera applicable aux mat\u00e9riaux. En ce sens, pour les utiliser, le consentement de l&rsquo;Utilisateur sera n\u00e9cessaire. Ce consentement sera communiqu\u00e9, sur la base d&rsquo;un choix authentique, offrant une d\u00e9cision affirmative et positive, en dehors du contrat initial, amovible et document\u00e9.<\/p>\n<h4>cookies propri\u00e9taires<\/h4>\n<p>Ce sont ces cookies qui sont envoy\u00e9s \u00e0 l&rsquo;ordinateur ou \u00e0 l&rsquo;appareil de l&rsquo;Utilisateur et g\u00e9r\u00e9s exclusivement par El Bosquero pour le meilleur fonctionnement du Web Lloc. Les informations collect\u00e9es sont utilis\u00e9es pour am\u00e9liorer la qualit\u00e9 du site Web de Lloc et de son contenu et son exp\u00e9rience avec l&rsquo;utilisateur. Ces cookies permettent \u00e0 l&rsquo;Utilisateur d&rsquo;\u00eatre reconnu comme un visiteur r\u00e9current du Web Lloc et d&rsquo;adapter le contingut pour proposer des continguts adapt\u00e9s \u00e0 ses six pr\u00e9f\u00e9rences.<\/p>\n<h4>gal\u00e8res tierces<\/h4>\n<p>Ce sont des cookies utilis\u00e9s et g\u00e9r\u00e9s par des entit\u00e9s externes qui fournissent \u00e0 El Bosquero les services demand\u00e9s par ce mat\u00e9riel pour am\u00e9liorer le Lloc Web et l&rsquo;exp\u00e9rience de l&rsquo;utilisateur lors de la navigation sur le Lloc Web. Les principaux objets pour lesquels les cookies tiers sont utilis\u00e9s sont d&rsquo;obtenir des statistiques d&rsquo;acc\u00e8s et d&rsquo;analyser les informations de navigation, c&rsquo;est-\u00e0-dire la fa\u00e7on dont l&rsquo;Utilisateur interagit avec le Web Lloc.<\/p>\n<p>Les informations obtenues se r\u00e9f\u00e8rent, par exemple, au nom des pages visit\u00e9es, \u00e0 la langue, \u00e0 l&#8217;emplacement de l&rsquo;adresse IP \u00e0 partir de laquelle l&rsquo;Utilisateur acc\u00e8de, au nom des Utilisateurs qui y ont acc\u00e9d\u00e9, \u00e0 la fr\u00e9quence et \u00e0 la r\u00e9currence des visites , l&rsquo;heure de la visite, le navigateur qu&rsquo;ils utilisent, l&rsquo;op\u00e9rateur ou le type d&rsquo;appareil \u00e0 partir duquel la visite est effectu\u00e9e. Ces informations doivent servir \u00e0 am\u00e9liorer le Lloc Web, et \u00e0 d\u00e9tecter de nouveaux besoins pour offrir aux Utilisateurs un Contingut et\/ou un service de qualit\u00e9 optimale. Dans tous les cas, les informations sont collect\u00e9es de mani\u00e8re anonyme et des rapports de tendances sont pr\u00e9par\u00e9s par Lloc Web pour identifier les utilisateurs individuels.<\/p>\n<p>Vous pouvez obtenir plus d&rsquo;informations sur les cookies, les informations sur la confidentialit\u00e9 ou consulter la description du type de cookies utilis\u00e9s, les six caract\u00e9ristiques principales, la p\u00e9riode d&rsquo;expiration, etc. dans le(s) lien(s) suivant(s) :<\/p>\n<p>Google Analytics : https:\/\/developers.google.com\/analytics\/ ;<\/p>\n<p>La ou les entit\u00e9s charg\u00e9es de fournir les cookies peuvent transf\u00e9rer ces informations \u00e0 des tiers, \u00e0 condition qu&rsquo;elles soient obligatoirement re\u00e7ues ou suivies par un tiers qui traite ces informations pour ces entit\u00e9s.<\/p>\n<h4>cookies xarxes sociaux<\/h4>\n<p>El Bosquero int\u00e8gre des plugins sociaux xarxes, qui vous permettent d&rsquo;acc\u00e9der \u00e0 hi depuis le Web Lloc. Pour cette raison, les cookies des m\u00e9dias sociaux peuvent submerger le navigateur de l&rsquo;utilisateur. Les titulaires des dossiers sociaux ont leurs propres politiques de protection des donn\u00e9es personnelles et des cookies, et ils sont responsables, dans chaque cas, de leurs propres installateurs et de leurs propres pratiques de confidentialit\u00e9. L&rsquo;Usuari doit se r\u00e9f\u00e9rer-s&rsquo;hi pour s&rsquo;informer de ces gal\u00e8res et, si escau, du traitement des donn\u00e9es personnelles graves. Seul le titre informatif indique ci-dessous les liens dans lesquels ces politiques de confidentialit\u00e9 et\/ou de cookies peuvent \u00eatre consult\u00e9es :<\/p>\n<p>Facebook : https:\/\/www.facebook.com\/policies\/cookies\/<br \/>\nTwitter\u00a0: https:\/\/twitter.com\/es\/privacy<br \/>\nInstagram : https:\/\/help.instagram.com\/1896641480634370?ref=ig<br \/>\nYouTube : https:\/\/policies.google.com\/privacy?hl=ca-419&amp;gl=mx<br \/>\nPinterest\u00a0: https:\/\/policy.pinterest.com\/es\/privacy-policy<\/p>\n<\/div>\n<\/div>\n<\/div>\n<\/article>\n<\/div><\/div><style type=\"text\/css\">.fusion-body .fusion-builder-column-0{width:100% !important;margin-top : 0px;margin-bottom : 20px;}.fusion-builder-column-0 > .fusion-column-wrapper {padding-top : 0px !important;padding-right : 0px !important;margin-right : 1.92%;padding-bottom : 0px !important;padding-left : 0px !important;margin-left : 1.92%;}@media only screen and (max-width:1024px) {.fusion-body .fusion-builder-column-0{width:100% !important;order : 0;}.fusion-builder-column-0 > .fusion-column-wrapper {margin-right : 1.92%;margin-left : 1.92%;}}@media only screen and (max-width:640px) {.fusion-body .fusion-builder-column-0{width:100% !important;order : 0;}.fusion-builder-column-0 > .fusion-column-wrapper {margin-right : 1.92%;margin-left : 1.92%;}}<\/style><\/div><\/div><style type=\"text\/css\">.fusion-body .fusion-flex-container.fusion-builder-row-1{ padding-top : 0px;margin-top : 0px;padding-right : 0px;padding-bottom : 0px;margin-bottom : 0px;padding-left : 0px;}<\/style><\/div>\n","protected":false},"excerpt":{"rendered":"","protected":false},"author":1,"featured_media":0,"parent":0,"menu_order":0,"comment_status":"closed","ping_status":"closed","template":"","meta":[],"_links":{"self":[{"href":"https:\/\/elbosquero.com\/fr\/wp-json\/wp\/v2\/pages\/4436"}],"collection":[{"href":"https:\/\/elbosquero.com\/fr\/wp-json\/wp\/v2\/pages"}],"about":[{"href":"https:\/\/elbosquero.com\/fr\/wp-json\/wp\/v2\/types\/page"}],"author":[{"embeddable":true,"href":"https:\/\/elbosquero.com\/fr\/wp-json\/wp\/v2\/users\/1"}],"replies":[{"embeddable":true,"href":"https:\/\/elbosquero.com\/fr\/wp-json\/wp\/v2\/comments?post=4436"}],"version-history":[{"count":2,"href":"https:\/\/elbosquero.com\/fr\/wp-json\/wp\/v2\/pages\/4436\/revisions"}],"predecessor-version":[{"id":4438,"href":"https:\/\/elbosquero.com\/fr\/wp-json\/wp\/v2\/pages\/4436\/revisions\/4438"}],"wp:attachment":[{"href":"https:\/\/elbosquero.com\/fr\/wp-json\/wp\/v2\/media?parent=4436"}],"curies":[{"name":"wp","href":"https:\/\/api.w.org\/{rel}","templated":true}]}}